{"id":1,"date":"2010-02-03T18:39:04","date_gmt":"2010-02-03T16:39:04","guid":{"rendered":"http:\/\/obec-stasov.cz\/?page_id=14"},"modified":"2022-06-21T22:15:47","modified_gmt":"2022-06-21T20:15:47","slug":"uredni-deska","status":"publish","type":"page","link":"http:\/\/www.obec-stasov.cz\/?page_id=1","title":{"rendered":"\u00da\u0159edn\u00ed deska"},"content":{"rendered":"<p><a href=\"http:\/\/www.obec-stasov.cz\/?page_id=625\" target=\"_self\"><strong> Obecn\u00ed Vyhl\u00e1\u0161ky<\/strong><\/a><\/p>\n<p><a href=\"http:\/\/www.obec-stasov.cz\/?page_id=627\" target=\"_self\"><strong>Ostatn\u00ed<\/strong><\/a><\/p>\n<p><a href=\"http:\/\/obec-stasov.cz\/?page_id=50\"><strong>Pozemky<\/strong><\/a><\/p>\n<p><a href=\"http:\/\/obec-stasov.cz\/?page_id=3162\"><strong>Rozpo\u010det<\/strong><\/a><\/p>\n<p><a href=\"http:\/\/obec-stasov.cz\/?page_id=3174\"><strong>Ve\u0159ejnopr\u00e1vn\u00ed smlouvy<\/strong><\/a><\/p>\n<p><a href=\"http:\/\/www.obec-stasov.cz\/?page_id=62\" target=\"_self\"><strong>Z\u00e1pisy ze sch\u016fz\u00ed<\/strong><\/a><\/p>\n<p><a href=\"http:\/\/www.obec-stasov.cz\/?page_id=4037\" target=\"_self\"><strong>Rozbory vody<\/strong><\/a><\/p>\n<p>&nbsp;<\/p>\n<p>\u0158\u00e1d ve\u0159ejn\u00e9ho poh\u0159ebi\u0161t\u011b obce Sta\u0161ov 2020:\u00a0<a href=\"http:\/\/www.obec-stasov.cz\/wp-content\/uploads\/2010\/02\/\u0158\u00e1d-ve\u0159ejn\u00e9ho-poh\u0159ebi\u0161t\u011b-obce-Sta\u0161ov-2020.doc\">\u0158\u00e1d ve\u0159ejn\u00e9ho poh\u0159ebi\u0161t\u011b obce Sta\u0161ov 2020<\/a><\/p>\n<p>&nbsp;<\/p>\n<h2>PROHL\u00c1\u0160EN\u00cd O P\u0158\u00cdSTUPNOSTI WEBOV\u00ddCH STR\u00c1NEK<\/h2>\n<div class=\"body\">\n<p>Obec Sta\u0161ov se zavazuje ke zp\u0159\u00edstupn\u011bn\u00ed obsahu sv\u00fdch internetov\u00fdch str\u00e1nek v souladu se z\u00e1konem \u010d. 99\/2019 Sb., o p\u0159\u00edstupnosti internetov\u00fdch str\u00e1nek a mobiln\u00edch aplikac\u00ed a o zm\u011bn\u011b z\u00e1kona \u010d. 365\/2000 Sb., o informa\u010dn\u00edch syst\u00e9mech ve\u0159ejn\u00e9 spr\u00e1vy a o zm\u011bn\u011b n\u011bkter\u00fdch dal\u0161\u00edch z\u00e1kon\u016f, ve zn\u011bn\u00ed pozd\u011bj\u0161\u00edch p\u0159edpis\u016f, kter\u00e9 prov\u00e1d\u011bj\u00ed sm\u011brnici Evropsk\u00e9ho parlamentu a Rady (EU) 2016\/2102.<\/p>\n<p>Toto prohl\u00e1\u0161en\u00ed o p\u0159\u00edstupnosti se vztahuje na internetov\u00e9 str\u00e1nky www.obec-stasov.cz<\/p>\n<p><strong>Stav souladu<\/strong><\/p>\n<p>Tyto webov\u00e9 str\u00e1nky jsou \u010d\u00e1ste\u010dn\u011b v souladu se z\u00e1konem \u010d. 99\/2019 Sb., ve zn\u011bn\u00ed pozd\u011bj\u0161\u00edch p\u0159edpis\u016f, z d\u016fvodu nesouladu nebo v\u00fdjimek uveden\u00fdch n\u00ed\u017ee.<br \/>\n<strong>Nep\u0159\u00edstupn\u00fd obsah<\/strong><\/p>\n<p>N\u00ed\u017ee uveden\u00fd obsah nen\u00ed p\u0159\u00edstupn\u00fd:<\/p>\n<p>1)\u00a0z d\u016fvodu nep\u0159im\u011b\u0159en\u00e9 z\u00e1t\u011b\u017ee:<\/p>\n<p>\u2022 n\u011bkter\u00e9 ze zve\u0159ejn\u011bn\u00fdch dokument\u016f jsou naskenovan\u00e9 bez strojov\u011b \u010diteln\u00e9ho textu. Krit\u00e9rium 1.1.1<\/p>\n<p>2) jeliko\u017e nespad\u00e1 do oblasti p\u016fsobnosti platn\u00fdch pr\u00e1vn\u00edch p\u0159edpis\u016f:<\/p>\n<p>\u2022 komponenty t\u0159et\u00edch stran pou\u017eit\u00e9 na webu nemus\u00ed spl\u0148ovat podm\u00ednky o p\u0159\u00edstupnosti (nap\u0159. facebook, mapy, youtube.com, chaptcha, apod.)<\/p>\n<p>\u2022 n\u011bkter\u00e1 videa na internetov\u00fdch str\u00e1nk\u00e1ch neobsahuj\u00ed ani titulky ani audio popis \u010di alternativu (krit\u00e9ria 1.2.1 a 1.2.2)<\/p>\n<p>&nbsp;<\/p>\n<p>Prohl\u00e1\u0161en\u00ed o p\u0159\u00edstupnosti bylo vypracov\u00e1no dne 20.06.2022<\/p>\n<p>Va\u0161e n\u00e1m\u011bty \u010di informace o probl\u00e9mech p\u0159i zobrazov\u00e1n\u00ed str\u00e1nek, stejn\u011b jako dotazy, n\u00e1vrhy nebo p\u0159ipom\u00ednky t\u00fdkaj\u00edc\u00ed se obsahu webu \u010di d\u016fvodn\u00e9ho podez\u0159en\u00ed, \u017ee webov\u00e1 str\u00e1nka nespl\u0148uje po\u017eadavky z\u00e1kona \u010d. 99\/2019 Sb., ve zn\u011bn\u00ed pozd\u011bj\u0161\u00edch p\u0159edpis\u016f, v\u010detn\u011b mo\u017enosti podat podn\u011bt v\u016f\u010di p\u0159\u00edslu\u0161n\u00fdm st\u00e1tn\u00edm org\u00e1n\u016fm pros\u00edm zas\u00edlejte na adresu: stasov@stasov.cz<\/p>\n<p><strong>Postup pro prosazov\u00e1n\u00ed pr\u00e1va<\/strong><\/p>\n<p>V p\u0159\u00edpad\u011b neuspokojiv\u00e9 odpov\u011bdi na zp\u011btnou vazbu dle p\u0159edchoz\u00edho odstavce, m\u016f\u017eete kontaktovat p\u0159\u00edslu\u0161n\u00fd org\u00e1n pro prosazov\u00e1n\u00ed pr\u00e1va:<\/p>\n<p>Ministerstvo vnitra, odbor eGovernmentu<br \/>\nn\u00e1m\u011bst\u00ed Hrdin\u016f 1634\/3, 140 21 Praha 4<br \/>\nemail:\u00a0pristupnost@mvcr.cz<\/p>\n<div class=\"body\"><\/div>\n<p>&nbsp;<\/p>\n<\/div>\n<p>&nbsp;<\/p>\n<p>&nbsp;<\/p>\n","protected":false},"excerpt":{"rendered":"<p>Obecn\u00ed Vyhl\u00e1\u0161ky Ostatn\u00ed Pozemky Rozpo\u010det Ve\u0159ejnopr\u00e1vn\u00ed smlouvy Z\u00e1pisy ze sch\u016fz\u00ed Rozbory vody &nbsp; \u0158\u00e1d ve\u0159ejn\u00e9ho poh\u0159ebi\u0161t\u011b obce Sta\u0161ov 2020:\u00a0\u0158\u00e1d ve\u0159ejn\u00e9ho poh\u0159ebi\u0161t\u011b obce Sta\u0161ov 2020 &nbsp; PROHL\u00c1\u0160EN\u00cd O P\u0158\u00cdSTUPNOSTI WEBOV\u00ddCH STR\u00c1NEK Obec Sta\u0161ov se zavazuje ke zp\u0159\u00edstupn\u011bn\u00ed obsahu sv\u00fdch internetov\u00fdch str\u00e1nek v souladu se z\u00e1konem \u010d. 99\/2019 Sb., o p\u0159\u00edstupnosti internetov\u00fdch str\u00e1nek a mobiln\u00edch aplikac\u00ed a [&hellip;]<\/p>\n","protected":false},"author":1,"featured_media":0,"parent":15,"menu_order":0,"comment_status":"closed","ping_status":"closed","template":"","meta":{"footnotes":""},"_links":{"self":[{"href":"http:\/\/www.obec-stasov.cz\/index.php?rest_route=\/wp\/v2\/pages\/1"}],"collection":[{"href":"http:\/\/www.obec-stasov.cz\/index.php?rest_route=\/wp\/v2\/pages"}],"about":[{"href":"http:\/\/www.obec-stasov.cz\/index.php?rest_route=\/wp\/v2\/types\/page"}],"author":[{"embeddable":true,"href":"http:\/\/www.obec-stasov.cz\/index.php?rest_route=\/wp\/v2\/users\/1"}],"replies":[{"embeddable":true,"href":"http:\/\/www.obec-stasov.cz\/index.php?rest_route=%2Fwp%2Fv2%2Fcomments&post=1"}],"version-history":[{"count":22,"href":"http:\/\/www.obec-stasov.cz\/index.php?rest_route=\/wp\/v2\/pages\/1\/revisions"}],"predecessor-version":[{"id":5102,"href":"http:\/\/www.obec-stasov.cz\/index.php?rest_route=\/wp\/v2\/pages\/1\/revisions\/5102"}],"up":[{"embeddable":true,"href":"http:\/\/www.obec-stasov.cz\/index.php?rest_route=\/wp\/v2\/pages\/15"}],"wp:attachment":[{"href":"http:\/\/www.obec-stasov.cz\/index.php?rest_route=%2Fwp%2Fv2%2Fmedia&parent=1"}],"curies":[{"name":"wp","href":"https:\/\/api.w.org\/{rel}","templated":true}]}}