{"id":15,"date":"2007-02-19T11:29:02","date_gmt":"2007-02-19T10:29:02","guid":{"rendered":"http:\/\/obec-stasov.cz\/?page_id=15"},"modified":"2026-04-28T17:06:51","modified_gmt":"2026-04-28T15:06:51","slug":"obecni-urad","status":"publish","type":"page","link":"http:\/\/www.obec-stasov.cz\/?page_id=15","title":{"rendered":"Obecn\u00ed \u00fa\u0159ad"},"content":{"rendered":"<p><strong>Kontakt: <\/strong><\/p>\n<p>Obecn\u00ed \u00fa\u0159ad<br \/>Sta\u0161ov 6<br \/>572 01 Poli\u010dka<\/p>\n<p>tel: 461 729 298, mobil: 739 691 091 &#8211; telefonn\u00ed \u010d\u00edsla jsou v provozu v dob\u011b \u00fa\u0159edn\u00edch hodin, mobil je pak k dispozici v pracovn\u00ed dny od 15-17 hodin.<\/p>\n<p><strong><span style=\"color: #0000ff;\"><span style=\"color: #333333;\">emaily obce:<\/span> <\/span><\/strong>starosta@stasov.cz, mistostarosta@stasov.cz, ucetni@stasov.cz, stasov@stasov.cz<\/p>\n<p>DS:\u00a0<b>nrfa5fn<\/b><\/p>\n<p><strong>Bankovn\u00ed spojen\u00ed\u00ad:<\/strong><\/p>\n<p><span style=\"color: #0000ff;\"><span style=\"color: #333333;\">Komer\u010dn\u00ed banka a.s. <strong>123-9760530267 \/0100\u00a0<\/strong><\/span><\/span><\/p>\n<p>variabiln\u00ed \u010d\u00edslo = \u010d\u00edslo popisn\u00e9 (u poplatk\u016f), \u010d\u00edslo faktury (u faktur za vodu), do popisn\u00e9ho pole zadejte jm\u00e9no a o jak\u00fd poplatek\/fakturu se jedn\u00e1, pop\u0159\u00edpad\u011b za koho plat\u00edte. D\u011bkujeme.<\/p>\n<p><strong>\u00da\u0159edn\u00ed hodiny: <\/strong><strong>\u00fater\u00fd 15-17 hod.\u00a0<\/strong><\/p>\n<p><strong>Obecn\u00ed knihovna: <span style=\"color: #0000ff;\">ka\u017ed\u00e9 pond\u011bl\u00ed 16-17 hod<\/span><\/strong><\/p>\n<p>.<\/p>\n<p><strong>Pov\u011b\u0159enec pro ochranu osobn\u00edch \u00fadaj\u016f:<\/strong><\/p>\n<p>pan <strong>Jan \u0160kranc<\/strong>,\u00a0GSM: <strong>+420 734 429 831<\/strong>, e-mail:stasov@stasov.cz<\/p>\n<p>u kter\u00e9ho se m\u016f\u017eete dotazovat \u010di uplat\u0148ovat sv\u00e1 pr\u00e1va, je\u017e s ochranou osobn\u00edch \u00fadaj\u016f souvis\u00ed; pro po\u0161tovn\u00ed korespondenci laskav\u011b doru\u010dujte p\u0159\u00edmo na\u0161emu obecn\u00edmu \u00fa\u0159adu.<\/p>\n<p>.<\/p>\n<p><strong>CZECH POINT\u00a0<\/strong><\/p>\n<p><strong>Na obecn\u00edm \u00fa\u0159ad\u011b poskytujeme tyto slu\u017eby:<\/strong><\/p>\n<p>V\u00fdpisy z:\u00a0Katastru nemovitost\u00ed, Obchodn\u00edho rejst\u0159\u00edku, \u017divnostensk\u00e9ho rejst\u0159\u00edku, Rejst\u0159\u00edku trest\u016f, Insolven\u010dn\u00edho rejst\u0159\u00edku, ve\u0159ejn\u00e9ho rejst\u0159\u00edku<\/p>\n<p>V\u00fdpis bodov\u00e9ho hodnocen\u00ed \u0159idi\u010de<\/p>\n<p>Autorizovan\u00e9 konverze dokument\u016f<\/p>\n<p>Legalizace \u2013 ov\u011b\u0159ov\u00e1n\u00ed pravosti podpisu<\/p>\n<p>Vidimace \u2013 postup, kter\u00fdm se ov\u011b\u0159uje, \u017ee opis nebo kopie se doslova shoduje s p\u0159edlo\u017eenou listinou<\/p>\n<p><strong>\u00a0<\/strong><\/p>\n<p><strong>Provozovatelem obecn\u00edho vodovodu <\/strong>je\u00a0 od 1.4:2019 Obec Sta\u0161ov<\/p>\n<p>kontaktn\u00ed telefon:\u00a0 Pavel Kuda 606 543 374<\/p>\n<p>.<\/p>\n<p><strong>Slu\u017eba MUNIPOLIS<\/strong><\/p>\n<p>Komunika\u010dn\u00ed slu\u017eba, d\u00edky kter\u00e9 se k v\u00e1m dostanou informace v\u017edy v\u010das. ZDARMA budete informov\u00e1ni o d\u016fle\u017eit\u00fdch ud\u00e1lostech p\u0159\u00edmo do va\u0161eho telefonu (prost\u0159ednictv\u00edm aplikace pro chytr\u00e9 telefony, sms, e-mail\u016f, anket)<\/p>\n<p><img decoding=\"async\" src=\"https:\/\/www.obec-stasov.cz\/wp-content\/uploads\/2025\/08\/Snimek-obrazovky-2025-08-26-180446-1.jpg\" alt=\"Tento obr\u00e1zek nem\u00e1 vypln\u011bn\u00fd atribut alt; n\u00e1zev souboru je Snimek-obrazovky-2025-08-26-180446-1.jpg.\" \/><\/p>\n\n\n\n<p><\/strong><\/p>\n<p><strong>Ozn\u00e1men\u00ed pro n\u00e1jemce hrob\u016f na h\u0159bitov\u011b ve Sta\u0161ov\u011b:<\/strong><\/p>\n<p>Obec Sta\u0161ov z\u00edskala dotaci na projekt s n\u00e1zvem \u201eH\u0159bitovy \u2013 na\u0161e kamenn\u00e1 historie\u201c. C\u00edlem tohoto projektu je elektronick\u00e1 evidence hrobov\u00fdch m\u00edst a n\u00e1jemc\u016f pro provozovatele ve\u0159ejn\u00e9ho poh\u0159ebi\u0161t\u011b (obec Sta\u0161ov) a mo\u017enost elektronick\u00e9ho vyhled\u00e1v\u00e1n\u00ed p\u0159edk\u016f pro ve\u0159ejnost.<\/p>\n<p>V souvislosti s t\u00edmto projektem se obec Sta\u0161ov sna\u017e\u00ed p\u0159i\u0159azovat k jednotliv\u00fdm hrobov\u00fdm m\u00edst\u016fm jejich n\u00e1jemce a z\u00edskat na n\u011b kontakty.<\/p>\n<p>Jednotliv\u00e1 hrobov\u00e1 m\u00edsta jsou o\u010d\u00edslov\u00e1na a pot\u0159ebovali bychom, aby se n\u00e1m ozvali n\u00e1jemci &#8211; poz\u016fstal\u00ed t\u011bchto hrobov\u00fdch m\u00edst, a doplnili n\u00e1m \u00fadaje o zem\u0159el\u00fdch.<\/p>\n<p>Hrobov\u00e1 m\u00edsta, u kter\u00fdch nebudou nalezeni \u017e\u00e1dn\u00ed n\u00e1jemci \u2013 poz\u016fstal\u00ed budou postupn\u011b ru\u0161ena.<\/p>\n<p>Pros\u00edm kontaktujte n\u00e1s na: e-mailu: stasov@stasov.cz nebo v \u00fa\u0159edn\u00ed hodiny na OU, Sta\u0161ov 6: \u00dater\u00fd 15-17 hod.<\/p>\n<p>Pros\u00edme o tyto \u00fadaje:<\/p>\n<p><strong>Hrobov\u00e9 m\u00edsto<\/strong>: \u010d\u00edslo hrobov\u00e9ho m\u00edsta, jm\u00e9na a p\u0159\u00edjmen\u00ed zem\u0159el\u00fdch, m\u00edsta a data narozen\u00ed a \u00famrt\u00ed (pokud nejsou na hrobech vyzna\u010dena), povol\u00e1n\u00ed, zda zem\u0159eli na nebezpe\u010dnou nemoc.<\/p>\n<p><strong>N\u00e1jemce\/ Poz\u016fstal\u00fd<\/strong>: jm\u00e9no a p\u0159\u00edjmen\u00ed, va\u0161i adresu, kontakt \u2013 telefon nebo email, pro vytvo\u0159en\u00ed n\u00e1jemn\u00edch smluv budete dotazov\u00e1ni na datum narozen\u00ed a rodn\u00e9 \u010d\u00edslo.<\/p>\n<p>Pokud jste n\u00e1m ji\u017e pot\u0159ebn\u00e9 \u00fadaje poslali, pros\u00edm pova\u017eujte toto ozn\u00e1men\u00ed za bezp\u0159edm\u011btn\u00e9.<\/p>\n<p>D\u011bkujeme p\u0159edem. Obec Sta\u0161ov<\/p>\n<p><strong>Povinn\u00e9 informace<\/strong><\/p>\n<table width=\"642\">\n<tbody>\n<tr>\n<td width=\"141\">N\u00e1zev:<\/td>\n<td width=\"501\">Obec Sta\u0161ov<\/td>\n<\/tr>\n<tr>\n<td width=\"141\">D\u016fvod a zp\u016fsob zalo\u017een\u00ed:<\/td>\n<td width=\"501\">Obec Sta\u0161ov jako z\u00e1kladn\u00ed \u00fazemn\u011b samospr\u00e1vn\u00fd celek je zalo\u017eena na z\u00e1klad\u011b \u00fastavn\u00edho z\u00e1kona \u010d. 1\/1993 Sb., \u00dastava \u010cesk\u00e9 republiky, ve zn\u011bn\u00ed pozd\u011bj\u0161\u00edch p\u0159edpis\u016f, jako z\u00e1kladn\u00ed \u00fazemn\u011b samospr\u00e1vn\u00fd celek dle \u010dl. 99 tohoto pr\u00e1vn\u00edho p\u0159edpisu. Z\u00e1kladn\u00edm pr\u00e1vn\u00edm p\u0159edpisem pro \u010dinnost obc\u00ed je z\u00e1kon \u010d. 128\/2000 Sb., o obc\u00edch (obecn\u00ed z\u0159\u00edzen\u00ed) ve zn\u011bn\u00ed pozd\u011bj\u0161\u00edch p\u0159edpis\u016f.<\/td>\n<\/tr>\n<tr>\n<td width=\"141\">Organiza\u010dn\u00ed struktura:<\/td>\n<td width=\"501\">Starosta obce M\u00edstostarosta obceZastupitelstvo obce \u2013 9 \u010dlen\u016f- Kontroln\u00ed v\u00fdbor \u2013 3 \u010dlenov\u00e9- Finan\u010dn\u00ed v\u00fdbor \u2013 3 \u010dlenov\u00e9<\/p>\n<p>&#8211; kulturn\u00ed komise \u2013 3 \u010dlenov\u00e9<\/p>\n<p>P\u0159\u00edsp\u011bvkov\u00e9 organizace z\u0159izovan\u00e9 obc\u00ed<\/p>\n<p>&#8211; Obecn\u00ed knihovna<\/p>\n<\/td>\n<\/tr>\n<tr>\n<td width=\"141\">Kontaktn\u00ed spojen\u00ed:<\/td>\n<td width=\"501\">Obecn\u00ed \u00fa\u0159ad Sta\u0161ov Sta\u0161ov 6, 572 01 Sta\u0161ovTelefon: 461 729 298,\u00a0mobil: 739 691 091 \u2013\u00a0telefonn\u00ed \u010d\u00edsla jsou v provozu v dob\u011b \u00fa\u0159edn\u00edch hodin, mobil je pak k dispozici v pracovn\u00ed dny od 15-17 hodin.Email: stasov@stasov.czwww: www.obec-stasov.cz<\/p>\n<p>ID Datov\u00e9 schr\u00e1nky: nrfa5fn<\/p>\n<p>\u00da\u0159edn\u00ed hodiny: \u00fater\u00fd 15-17 hod<\/p>\n<\/td>\n<\/tr>\n<tr>\n<td width=\"141\">P\u0159\u00edpadn\u00e9 platby lze pouk\u00e1zat:<\/td>\n<td width=\"501\"><strong>123-9760530267 \/0100<\/strong><\/td>\n<\/tr>\n<tr>\n<td width=\"141\">I\u010cO:<\/td>\n<td width=\"501\">00277401<\/td>\n<\/tr>\n<tr>\n<td width=\"141\">Pl\u00e1tce dan\u011b z\u00a0p\u0159idan\u00e9 hodnoty:<\/td>\n<td width=\"501\">Nejsme pl\u00e1tci DPH<\/td>\n<\/tr>\n<tr>\n<td width=\"141\">Dokumenty:<\/td>\n<td width=\"501\">Seznamy hlavn\u00edch dokument\u016f: zve\u0159ej\u0148ovan\u00e9 na \u00fa\u0159edn\u00ed desce\u00b7\u00a0\u00a0\u00a0\u00a0\u00a0\u00a0\u00a0 \u00fazemn\u00ed pl\u00e1n\u00b7\u00a0\u00a0\u00a0\u00a0\u00a0\u00a0\u00a0 Rozpo\u010dtov\u00fd v\u00fdhled obce\u00b7\u00a0\u00a0\u00a0\u00a0\u00a0\u00a0\u00a0 Program rozvoje obce\u00b7\u00a0\u00a0\u00a0\u00a0\u00a0\u00a0\u00a0 Zpr\u00e1va o p\u0159ezkoum\u00e1n\u00ed hospoda\u0159en\u00ed obce<\/p>\n<p>Rozpo\u010det: zve\u0159ej\u0148ovan\u00fd na \u00fa\u0159edn\u00ed desce<\/p>\n<\/td>\n<\/tr>\n<tr>\n<td width=\"141\">\u017d\u00e1dosti o informace:<\/td>\n<td width=\"501\">\u017d\u00e1dosti o\u00a0informace podle z\u00e1kona 106\/1999 Sb. o\u00a0svobodn\u00e9m p\u0159\u00edstupu k\u00a0informac\u00edm se\u00a0pod\u00e1vaj\u00edP\u00edsemn\u00e9 \u017e\u00e1dosti o informace lze adresovat na adresu obecn\u00edho \u00fa\u0159adu, za p\u00edsemnou \u017e\u00e1dost o informaci se pova\u017euje tak\u00e9 \u017e\u00e1dost podan\u00e1 elektronicky, bez nutnosti uzn\u00e1van\u00e9ho elektronick\u00e9ho podpisu, doru\u010den\u00e1 na elektronickou podatelnu obce, nebo do datov\u00e9 schr\u00e1nky obce.<\/td>\n<\/tr>\n<tr>\n<td width=\"141\">P\u0159\u00edjem \u017e\u00e1dost\u00ed a dal\u0161\u00edch pod\u00e1n\u00ed:<\/td>\n<td width=\"501\">\u00dastn\u00ed \u017e\u00e1dosti a st\u00ed\u017enosti lze pod\u00e1vat na obecn\u00edm \u00fa\u0159ad\u011b obce v \u00fa\u0159edn\u00edch hodin\u00e1ch. P\u00edsemn\u00e9 podn\u011bty je t\u0159eba adresovat na adresu obecn\u00edho \u00fa\u0159adu.Elektronick\u00e9 podn\u011bty je t\u0159eba adresovat na elektronickou podatelnu obce, nebo do datov\u00e9 schr\u00e1nky obce.<\/td>\n<\/tr>\n<tr>\n<td width=\"141\">Opravn\u00e9 prost\u0159edky:<\/td>\n<td width=\"501\">Proti rozhodnut\u00ed obce, jako povinn\u00e9ho subjektu dle Inf Z, kter\u00fdm obec odm\u00edtla poskytnout informaci na z\u00e1klad\u011b \u017e\u00e1dosti lze podat odvol\u00e1n\u00ed dle \u00a7 16 Inf Z.<\/td>\n<\/tr>\n<tr>\n<td width=\"141\">Formul\u00e1\u0159e:<\/td>\n<td width=\"501\">Formul\u00e1\u0159e, kter\u00fdmi se lze obracet na obec jsou p\u0159\u00edstupny na obecn\u00edch str\u00e1nk\u00e1ch v sekci Dokumenty. Tyto formul\u00e1\u0159e lze z\u00edskat tak\u00e9 na obecn\u00edm \u00fa\u0159ad\u011b v \u00fa\u0159edn\u00edch hodin\u00e1ch.<\/td>\n<\/tr>\n<tr>\n<td width=\"141\">Popisy postup\u016f:<\/td>\n<td width=\"501\">N\u00e1vody na \u0159e\u0161en\u00ed \u017eivotn\u00edch situac\u00ed:<a href=\"https:\/\/portal.gov.cz\/portal\/obcan\/situace\">https:\/\/portal.gov.cz\/portal\/obcan\/situace<\/a><\/td>\n<\/tr>\n<tr>\n<td width=\"141\">P\u0159edpisy:<\/td>\n<td width=\"501\">Nejd\u016fle\u017eit\u011bj\u0161\u00ed pr\u00e1vn\u00ed p\u0159edpisy: \u00dastavn\u00ed z\u00e1kon \u010d. 1\/1993 Sb., \u00dastava \u010cesk\u00e9 republiky, ve zn\u011bn\u00ed pozd\u011bj\u0161\u00edch p\u0159edpis\u016f.\u00dastavn\u00ed z\u00e1kon \u010d. 2\/1993 Sb., o vyhl\u00e1\u0161en\u00ed LISTINY Z\u00c1KLADN\u00cdCH PR\u00c1V A SVOBOD jako sou\u010d\u00e1sti \u00fastavn\u00edho po\u0159\u00e1dku \u010cesk\u00e9 republiky.Z\u00e1kon \u010d. 128\/2000 Sb., o obc\u00edch (obecn\u00ed z\u0159\u00edzen\u00ed), ve zn\u011bn\u00ed pozd\u011bj\u0161\u00edch p\u0159edpis\u016f.Z\u00e1kon \u010d. 106\/1999 Sb., o svobodn\u00e9m p\u0159\u00edstupu k informac\u00edm, ve zn\u011bn\u00ed pozd\u011bj\u0161\u00edch p\u0159edpis\u016f.<\/p>\n<p>Z\u00e1kon \u010d. 250\/2000 Sb., o rozpo\u010dtov\u00fdch pravidlech \u00fazemn\u00edch rozpo\u010dt\u016f, ve zn\u011bn\u00ed pozd\u011bj\u0161\u00edch p\u0159edpis\u016f.<\/p>\n<p>Z\u00e1kon \u010d. 200\/1990 Sb., o p\u0159estupc\u00edch, ve zn\u011bn\u00ed pozd\u011bj\u0161\u00edch p\u0159edpis\u016f.<\/p>\n<p>Z\u00e1kon \u010d. 137\/2006 Sb., o ve\u0159ejn\u00fdch zak\u00e1zk\u00e1ch, ve zn\u011bn\u00ed pozd\u011bj\u0161\u00edch p\u0159edpis\u016f.<\/p>\n<p>\u00dapln\u00e9 zn\u011bn\u00ed pr\u00e1vn\u00edch p\u0159edpis\u016f je dostupn\u00e9 na <a href=\"http:\/\/aplikace.mvcr.cz\/sbirka-zakonu\">http:\/\/aplikace.mvcr.cz\/sbirka-zakonu<\/a><\/p>\n<p>Vydan\u00e9 pr\u00e1vn\u00ed p\u0159edpisy:<\/p>\n<p>Pr\u00e1vn\u00ed p\u0159edpisy obce jsou dostupn\u00e9 na internetov\u00fdch str\u00e1nk\u00e1ch obce.<\/p>\n<p>Pr\u00e1vn\u00ed p\u0159edpisy obce a jejich evidence jsou k nahl\u00e9dnut\u00ed na obecn\u00edm \u00fa\u0159ad\u011b.<\/p>\n<\/td>\n<\/tr>\n<tr>\n<td width=\"141\">\u00dahrady za poskytov\u00e1n\u00ed informac\u00ed:<\/td>\n<td width=\"501\">Sazebn\u00edk \u00fahrad je vypracov\u00e1n v souladu s na\u0159\u00edzen\u00edm vl\u00e1dy \u010d. 173\/2006 Sb., o z\u00e1sad\u00e1ch stanoven\u00ed \u00fahrad a licen\u010dn\u00edch odm\u011bn za poskytov\u00e1n\u00ed informac\u00ed podle z\u00e1kona o svobodn\u00e9m p\u0159\u00edstupu k informac\u00edm.<\/td>\n<\/tr>\n<tr>\n<td width=\"141\">Licen\u010dn\u00ed smlouvy:<\/td>\n<td width=\"501\">Obec v t\u00e9to dob\u011b nem\u00e1 uzav\u0159enu \u017e\u00e1dnou smlouvu o poskytnut\u00ed v\u00fdhradn\u00ed licence.<\/td>\n<\/tr>\n<tr>\n<td width=\"141\">V\u00fdro\u010dn\u00ed zpr\u00e1va dle z\u00e1kona 106\/1999 Sb.<\/td>\n<td width=\"501\">Dosud nebyly \u017e\u00e1dn\u00e9 dotazy dle 106\/1999 Sb Bude dostupn\u00e9 na internetov\u00fdch str\u00e1nk\u00e1ch obce.<\/td>\n<\/tr>\n<\/tbody>\n<\/table>\n\n\n<p>.<\/p>\n\n\n\n<p><strong>Ozn\u00e1men\u00ed o ochran\u011b osobn\u00edch \u00fadaj\u016f<\/strong><\/p>\n\n\n\n<p>Ozn\u00e1men\u00ed o ochran\u011b osobn\u00edch \u00fadaj\u016f (d\u00e1le t\u00e9\u017e \u201e<strong>Ozn\u00e1men\u00ed<\/strong>\u201c) obce <strong><em>Sta\u0161ov <\/em><\/strong><em>I\u010c:00277401, <strong>Sta\u0161ov 6, Poli\u010dka 572 01 <\/strong><\/em>kontaktn\u00ed t\u00e9\u017e <a href=\"mailto:stasov@stasov.cz\">stasov@stasov.cz<\/a><\/p>\n\n\n\n<p>V r\u00e1mci povinnosti zaveden\u00ed pravidel ochrany osobn\u00edch \u00fadaj\u016f dle Na\u0159\u00edzen\u00ed Evropsk\u00e9ho parlamentu a Rady (EU) 2016\/679 ze dne 27. dubna 2016 o ochran\u011b fyzick\u00fdch osob v souvislosti se zpracov\u00e1n\u00edm osobn\u00edch \u00fadaj\u016f a o voln\u00e9m pohybu t\u011bchto \u00fadaj\u016f a o zru\u0161en\u00ed sm\u011brnice 95\/46\/ES &#8211; obecn\u00e9 na\u0159\u00edzen\u00ed o ochran\u011b osobn\u00edch \u00fadaj\u016f (d\u00e1le t\u00e9\u017e \u201eGDPR\u201c), \u00fa\u010dinn\u00e9 k 25.05.2018, V\u00e1m t\u00edmto oznamujeme, \u017ee jsme tato pravidla plnohodnotn\u011b zavedli.&nbsp; Ve\u0161ker\u00e1 zpracov\u00e1n\u00ed osobn\u00edch \u00fadaj\u016f, kter\u00e1 prov\u00e1d\u00edme, jsou zaznamen\u00e1ny v Z\u00e1znamech o \u010dinnostech zpracov\u00e1n\u00ed (dle \u010dl. 30 GDPR), kter\u00e9 jsou v \u00fa\u0159edn\u00edch hodin\u00e1ch k dispozici k nahl\u00e9dnut\u00ed v kancel\u00e1\u0159i obecn\u00edho \u00fa\u0159adu. Zpracov\u00e1n\u00ed osobn\u00edch \u00fadaj\u016f prov\u00e1d\u00edme v\u017edy na z\u00e1klad\u011b povinnosti, kterou n\u00e1m ukl\u00e1d\u00e1 obecn\u011b z\u00e1vazn\u00fd pr\u00e1vn\u00ed p\u0159edpis, tedy obecn\u011b je pr\u00e1vn\u00edm z\u00e1kladem zpracov\u00e1n\u00ed osobn\u00edch \u00fadaj\u016f spln\u011bn\u00ed z\u00e1konn\u00e9 povinnosti s lh\u016ftou pro ulo\u017een\u00ed zpracov\u00e1n\u00ed dle konkr\u00e9tn\u00edho pr\u00e1vn\u00edho p\u0159edpisu.<\/p>\n\n\n\n<p><strong>V\u00fdjimky tvo\u0159\u00ed n\u00e1sleduj\u00edc\u00ed zpracov\u00e1n\u00ed<\/strong><\/p>\n\n\n\n<p>a) souhlas ob\u010dan\u016f s \u00fa\u010dast\u00ed v programu \u201eSMS pro obce a Munipolis, kdy prost\u0159ednictv\u00edm SMS zas\u00edl\u00e1me ob\u010dan\u016fm aktu\u00e1ln\u00ed informace<\/p>\n\n\n\n<p>b) z\u0159\u00edzen\u00ed \u010dlensk\u00e9ho \u00fa\u010dtu v r\u00e1mci obecn\u00ed knihovny \u2013 toto zpracov\u00e1n\u00ed prob\u00edh\u00e1 na z\u00e1klad\u011b pr\u00e1vn\u00edho titulu pln\u011bn\u00ed smlouvy<\/p>\n\n\n\n<p>c) vodn\u00e9\u2013 smluvn\u00ed pln\u011bn\u00ed<\/p>\n\n\n\n<p><br>Va\u0161e osobn\u00ed \u00fadaje p\u0159ed\u00e1v\u00e1me jin\u00fdm p\u0159\u00edjemc\u016fm, ukl\u00e1d\u00e1-li n\u00e1m to z\u00e1kon a d\u00e1le smluvn\u00edm p\u0159\u00edjemc\u016fm (tzv. zpracovatel\u016fm) jen tak, abychom mohli splnit sv\u00e9 povinnosti (v\u0161e je vyzna\u010deno v Z\u00e1znamech o \u010dinnostech zpracov\u00e1n\u00ed). Va\u0161e osobn\u00ed \u00fadaje nep\u0159ed\u00e1v\u00e1me nikam mimo EU. Nepou\u017e\u00edv\u00e1me \u017e\u00e1dn\u00e9 formy automatick\u00e9ho rozhodov\u00e1n\u00ed v\u010detn\u011b Va\u0161eho profilov\u00e1n\u00ed.<\/p>\n\n\n\n<p><br>M\u00e1te pr\u00e1vo na informace, zahrnuj\u00edc\u00ed t\u00e9\u017e pr\u00e1vo na p\u0159\u00edstup ke sv\u00fdm osobn\u00edm \u00fadaj\u016fm zpracov\u00e1van\u00fdch u n\u00e1s, pr\u00e1vo na opravu nep\u0159esn\u00fdch \u00fadaj\u016f, pr\u00e1vo b\u00fdt zapomenut v\u00fdmazem Va\u0161ich osobn\u00edch \u00fadaj\u016f, pr\u00e1vo uplatit omezen\u00ed zpracov\u00e1n\u00ed ze z\u00e1konn\u00fdch d\u016fvod\u016f, pr\u00e1vo na p\u0159enesen\u00ed sv\u00fdch osobn\u00edch \u00fadaj\u016f jinam, n\u00e1mitku proti jak\u00e9mukoliv zpracov\u00e1n\u00ed a samoz\u0159ejm\u011b tak\u00e9 kdykoliv odvolat sv\u016fj souhlas, byl-li ud\u011blen.<\/p>\n\n\n\n<p>T\u00e9\u017e jsme jmenovali pov\u011b\u0159ence pro ochranu osobn\u00edch \u00fadaj\u016f (dle \u010dl. 37 odst. 1. p\u00edsm. a) GDPR), kter\u00fdm je<\/p>\n\n\n\n<p>pan <strong>Jan \u0160kranc<\/strong>,<\/p>\n\n\n\n<p>GSM: <strong>+420 734 429 831<\/strong>,<\/p>\n\n\n\n<p>e-mail: stasov@stasov.cz,<\/p>\n\n\n\n<p>u kter\u00e9ho se m\u016f\u017eete dotazovat \u010di uplat\u0148ovat sv\u00e1 pr\u00e1va, je\u017e s ochranou osobn\u00edch \u00fadaj\u016f souvis\u00ed; pro po\u0161tovn\u00ed korespondenci laskav\u011b doru\u010dujte p\u0159\u00edmo na\u0161emu obecn\u00edmu \u00fa\u0159adu.<\/p>\n\n\n\n<p>T\u00edm v\u0161\u00edm v\u0161ak nen\u00ed dot\u010deno Va\u0161e pr\u00e1vo st\u011b\u017eovat si u \u00da\u0159adu na ochranu osobn\u00edch \u00fadaj\u016f <a href=\"http:\/\/www.uoou.cz\/\">www.uoou.cz<\/a> \u010di uplatit sv\u00e1 pr\u00e1va u soudu.<\/p>\n\n\n\n<p><br>V p\u0159\u00edpad\u011b jak\u00fdchkoliv dotaz\u016f, n\u00e1m\u011bt\u016f \u010di upozorn\u011bn\u00ed se pros\u00edm nev\u00e1hejte obracet na veden\u00ed obecn\u00edho \u00fa\u0159adu \u010di p\u0159\u00edmo na pana \u0160krance.<\/p>\n","protected":false},"excerpt":{"rendered":"<p>Kontakt: Obecn\u00ed \u00fa\u0159adSta\u0161ov 6572 01 Poli\u010dka tel: 461 729 298, mobil: 739 691 091 &#8211; telefonn\u00ed \u010d\u00edsla jsou v provozu v dob\u011b \u00fa\u0159edn\u00edch hodin, mobil je pak k dispozici v pracovn\u00ed dny od 15-17 hodin. emaily obce: starosta@stasov.cz, mistostarosta@stasov.cz, ucetni@stasov.cz, stasov@stasov.cz DS:\u00a0nrfa5fn Bankovn\u00ed spojen\u00ed\u00ad: Komer\u010dn\u00ed banka a.s. 123-9760530267 \/0100\u00a0 variabiln\u00ed \u010d\u00edslo = \u010d\u00edslo popisn\u00e9 (u [&hellip;]<\/p>\n","protected":false},"author":1,"featured_media":0,"parent":0,"menu_order":0,"comment_status":"closed","ping_status":"closed","template":"","meta":{"footnotes":""},"_links":{"self":[{"href":"http:\/\/www.obec-stasov.cz\/index.php?rest_route=\/wp\/v2\/pages\/15"}],"collection":[{"href":"http:\/\/www.obec-stasov.cz\/index.php?rest_route=\/wp\/v2\/pages"}],"about":[{"href":"http:\/\/www.obec-stasov.cz\/index.php?rest_route=\/wp\/v2\/types\/page"}],"author":[{"embeddable":true,"href":"http:\/\/www.obec-stasov.cz\/index.php?rest_route=\/wp\/v2\/users\/1"}],"replies":[{"embeddable":true,"href":"http:\/\/www.obec-stasov.cz\/index.php?rest_route=%2Fwp%2Fv2%2Fcomments&post=15"}],"version-history":[{"count":79,"href":"http:\/\/www.obec-stasov.cz\/index.php?rest_route=\/wp\/v2\/pages\/15\/revisions"}],"predecessor-version":[{"id":7358,"href":"http:\/\/www.obec-stasov.cz\/index.php?rest_route=\/wp\/v2\/pages\/15\/revisions\/7358"}],"wp:attachment":[{"href":"http:\/\/www.obec-stasov.cz\/index.php?rest_route=%2Fwp%2Fv2%2Fmedia&parent=15"}],"curies":[{"name":"wp","href":"https:\/\/api.w.org\/{rel}","templated":true}]}}