{"id":266,"date":"2009-10-12T15:22:48","date_gmt":"2009-10-12T13:22:48","guid":{"rendered":"http:\/\/www.obec-stasov.cz\/?page_id=266"},"modified":"2026-04-28T19:06:26","modified_gmt":"2026-04-28T17:06:26","slug":"dokumenty-ke-stazeni","status":"publish","type":"page","link":"http:\/\/www.obec-stasov.cz\/?page_id=266","title":{"rendered":"Dokumenty"},"content":{"rendered":"\n<p><strong>\u017d\u00e1dost o vr\u00e1cen\u00ed p\u0159eplatku poplatku za komun\u00e1ln\u00ed odpad<\/strong>:&nbsp;<\/p>\n\n\n\n<div class=\"wp-block-file\"><a id=\"wp-block-file--media-eba7d23e-6eb7-443d-b7c9-cc675cbcf53d\" href=\"https:\/\/www.obec-stasov.cz\/wp-content\/uploads\/2024\/11\/Zadost-o-vraceni-preplatku-obec-Stasov.docx\">Zadost-o-vraceni-preplatku-obec-Stasov<\/a><a href=\"https:\/\/www.obec-stasov.cz\/wp-content\/uploads\/2024\/11\/Zadost-o-vraceni-preplatku-obec-Stasov.docx\" class=\"wp-block-file__button wp-element-button\" download aria-describedby=\"wp-block-file--media-eba7d23e-6eb7-443d-b7c9-cc675cbcf53d\">St\u00e1hnout<\/a><\/div>\n\n\n\n<p><strong>Formul\u00e1\u0159&nbsp; \u017e\u00e1dosti o finan\u010dn\u00ed p\u0159\u00edsp\u011bvek na D\u010cOV:&nbsp;<\/strong><\/p>\n\n\n\n<div class=\"wp-block-file\"><a id=\"wp-block-file--media-76990dd6-7246-4cf2-881b-62ed7a21c12a\" href=\"https:\/\/www.obec-stasov.cz\/wp-content\/uploads\/2024\/11\/Zadost-o-fin.-prispevek-na-porizeni-DCOV-obec-Stasov.docx\">Zadost-o-fin.-prispevek-na-porizeni-DCOV-obec-Stasov<\/a><a href=\"https:\/\/www.obec-stasov.cz\/wp-content\/uploads\/2024\/11\/Zadost-o-fin.-prispevek-na-porizeni-DCOV-obec-Stasov.docx\" class=\"wp-block-file__button wp-element-button\" download aria-describedby=\"wp-block-file--media-76990dd6-7246-4cf2-881b-62ed7a21c12a\">St\u00e1hnout<\/a><\/div>\n\n\n\n<p><strong>Formul\u00e1\u0159 \u017e\u00e1dosti o pok\u00e1cen\u00ed stromu: <\/strong><\/p>\n\n\n\n<div class=\"wp-block-file\"><a id=\"wp-block-file--media-100fe573-feb7-4b3e-93c1-5ef403d1e348\" href=\"https:\/\/www.obec-stasov.cz\/wp-content\/uploads\/2026\/04\/Zadost-o-povoleni-kaceni-stromu.doc\">Zadost-o-povoleni-kaceni-stromu<\/a><a href=\"https:\/\/www.obec-stasov.cz\/wp-content\/uploads\/2026\/04\/Zadost-o-povoleni-kaceni-stromu.doc\" class=\"wp-block-file__button wp-element-button\" download aria-describedby=\"wp-block-file--media-100fe573-feb7-4b3e-93c1-5ef403d1e348\">St\u00e1hnout<\/a><\/div>\n\n\n\n<p><span style=\"background-color: #ffffff;\">Stromy, kter\u00e9 bezprost\u0159edn\u011b neohro\u017euj\u00ed \u017eivoty a majetek, lze k\u00e1cet pouze v obdob\u00ed vegeta\u010dn\u00edho klidu kter\u00e9 je od 1.listopadu do 31. b\u0159ezna kalend\u00e1\u0159n\u00edho roku!&nbsp;<span style=\"background-color: #ffffff;\">\u017d\u00e1dosti o pok\u00e1cen\u00ed strom\u016f se p\u0159ij\u00edmaj\u00ed na obecn\u00edm \u00fa\u0159ad\u011b na za\u010d\u00e1tku obdob\u00ed vegeta\u010dn\u00edho klidu, aby je bylo mo\u017en\u00e9 schv\u00e1lit v dan\u00e9m obdob\u00ed.<\/span><\/span><\/p>\n\n\n\n<p>\u017d\u00e1dost mus\u00ed obsahovat specifikaci stromu, zakreslen\u00ed do pl\u00e1nku, pro ur\u010den\u00ed p\u0159esn\u00e9 polohy stromu.<\/p>\n\n\n\n<p>\u017d\u00e1dosti jsou zas\u00edl\u00e1ny na Agenturu ochrany p\u0159\u00edrody a krajiny \u010cesk\u00e9 republiky, nebo jin\u00e9mu akreditovan\u00e9mu  znalci &#8211; na z\u00e1klad\u011b jejich posouzen\u00ed pak vyd\u00e1v\u00e1 O\u00da rozhodnut\u00ed.<\/p>\n\n\n\n<p><span style=\"background-color: #ffffff;\"><span style=\"background-color: #ffffff;\">&nbsp;<\/span><\/span><\/p>\n\n\n\n<p><strong>Formul\u00e1\u0159 \u017e\u00e1dosti o zru\u0161en\u00ed hrobov\u00e9ho m\u00edsta:<\/strong>&nbsp;<\/p>\n\n\n\n<div class=\"wp-block-file\"><a id=\"wp-block-file--media-16d6454c-3af9-4964-9f77-6363899458e1\" href=\"https:\/\/www.obec-stasov.cz\/wp-content\/uploads\/2024\/11\/Zadost-o-zruseni-hroboveho-mista-obec-Stasov.docx\">Zadost-o-zruseni-hroboveho-mista-obec-Stasov<\/a><a href=\"https:\/\/www.obec-stasov.cz\/wp-content\/uploads\/2024\/11\/Zadost-o-zruseni-hroboveho-mista-obec-Stasov.docx\" class=\"wp-block-file__button wp-element-button\" download aria-describedby=\"wp-block-file--media-16d6454c-3af9-4964-9f77-6363899458e1\">St\u00e1hnout<\/a><\/div>\n\n\n\n<p><strong>\u017d\u00e1dost o odkoupen\u00ed obecn\u00edho pozemku<\/strong>:<\/p>\n\n\n\n<div class=\"wp-block-file\"><a id=\"wp-block-file--media-fd8284c4-86da-4862-9a67-4be931022706\" href=\"https:\/\/www.obec-stasov.cz\/wp-content\/uploads\/2026\/04\/Zadost-o-koupi-pozemku-obec-Stasov.docx\">Zadost-o-koupi-pozemku-obec-Stasov<\/a><a href=\"https:\/\/www.obec-stasov.cz\/wp-content\/uploads\/2026\/04\/Zadost-o-koupi-pozemku-obec-Stasov.docx\" class=\"wp-block-file__button wp-element-button\" download aria-describedby=\"wp-block-file--media-fd8284c4-86da-4862-9a67-4be931022706\">St\u00e1hnout<\/a><\/div>\n\n\n\n<p><span class=\"hgKElc\">\u017d\u00e1dost o odkoupen\u00ed pozemku je nutn\u00e9&nbsp;<b>vytisknout, vyplnit, podepsat a doru\u010dit na p\u0159\u00edslu\u0161n\u00fd \u00fa\u0159ad<\/b>. Je nutn\u00e9 vyplnit \u010d\u00edslo parcely, rozlohu, katastr\u00e1ln\u00ed \u00fazem\u00ed, ale i va\u0161e identifika\u010dn\u00ed \u00fadaje<\/span><\/p>\n\n\n\n<p><strong><span style=\"background-color: #ffffff;\"><span style=\"background-color: #ffffff;\">Doklady pot\u0159ebn\u00e9 ke zm\u011bn\u011b\/p\u0159ihl\u00e1\u0161en\u00ed trval\u00e9ho pobytu<\/span><\/span><\/strong><\/p>\n\n\n\n<p><span style=\"background-color: #ffffff;\"><span style=\"background-color: #ffffff;\">platn\u00fd ob\u010dansk\u00fd pr\u016fkaz<\/span><\/span><\/p>\n\n\n\n<p><span style=\"background-color: #ffffff;\"><span style=\"background-color: #ffffff;\">pokud jsem majitelem nemovitosti, kam se p\u0159ihla\u0161uji: v\u00fdpis z katastru nemovitost\u00ed, nebo kupn\u00ed smlouvu opat\u0159enou raz\u00edtkem katastr\u00e1ln\u00edho \u00fa\u0159adu &#8211; tyto dokumenty nesm\u00ed b\u00fdt star\u0161\u00ed 1 roku<\/span><\/span><\/p>\n\n\n\n<p><span style=\"background-color: #ffffff;\"><span style=\"background-color: #ffffff;\">pokud nejsem majitelem nemovitosti, kam se chci p\u0159ihl\u00e1sit, je nutn\u00e9 zajistit si p\u00edsemn\u00fd souhlas majitele a p\u0159edlo\u017eit stejn\u00e9 dokumenty viz v\u00fd\u0161e na jm\u00e9no majitele, nebo se dostavit&nbsp; s majitelem osobn\u011b.<\/span><\/span><\/p>\n","protected":false},"excerpt":{"rendered":"<p>\u017d\u00e1dost o vr\u00e1cen\u00ed p\u0159eplatku poplatku za komun\u00e1ln\u00ed odpad:&nbsp; Formul\u00e1\u0159&nbsp; \u017e\u00e1dosti o finan\u010dn\u00ed p\u0159\u00edsp\u011bvek na D\u010cOV:&nbsp; Formul\u00e1\u0159 \u017e\u00e1dosti o pok\u00e1cen\u00ed stromu: Stromy, kter\u00e9 bezprost\u0159edn\u011b neohro\u017euj\u00ed \u017eivoty a majetek, lze k\u00e1cet pouze v obdob\u00ed vegeta\u010dn\u00edho klidu kter\u00e9 je od 1.listopadu do 31. b\u0159ezna kalend\u00e1\u0159n\u00edho roku!&nbsp;\u017d\u00e1dosti o pok\u00e1cen\u00ed strom\u016f se p\u0159ij\u00edmaj\u00ed na obecn\u00edm \u00fa\u0159ad\u011b na za\u010d\u00e1tku obdob\u00ed vegeta\u010dn\u00edho [&hellip;]<\/p>\n","protected":false},"author":1,"featured_media":0,"parent":15,"menu_order":0,"comment_status":"closed","ping_status":"closed","template":"","meta":{"footnotes":""},"_links":{"self":[{"href":"http:\/\/www.obec-stasov.cz\/index.php?rest_route=\/wp\/v2\/pages\/266"}],"collection":[{"href":"http:\/\/www.obec-stasov.cz\/index.php?rest_route=\/wp\/v2\/pages"}],"about":[{"href":"http:\/\/www.obec-stasov.cz\/index.php?rest_route=\/wp\/v2\/types\/page"}],"author":[{"embeddable":true,"href":"http:\/\/www.obec-stasov.cz\/index.php?rest_route=\/wp\/v2\/users\/1"}],"replies":[{"embeddable":true,"href":"http:\/\/www.obec-stasov.cz\/index.php?rest_route=%2Fwp%2Fv2%2Fcomments&post=266"}],"version-history":[{"count":30,"href":"http:\/\/www.obec-stasov.cz\/index.php?rest_route=\/wp\/v2\/pages\/266\/revisions"}],"predecessor-version":[{"id":7362,"href":"http:\/\/www.obec-stasov.cz\/index.php?rest_route=\/wp\/v2\/pages\/266\/revisions\/7362"}],"up":[{"embeddable":true,"href":"http:\/\/www.obec-stasov.cz\/index.php?rest_route=\/wp\/v2\/pages\/15"}],"wp:attachment":[{"href":"http:\/\/www.obec-stasov.cz\/index.php?rest_route=%2Fwp%2Fv2%2Fmedia&parent=266"}],"curies":[{"name":"wp","href":"https:\/\/api.w.org\/{rel}","templated":true}]}}