{"id":2997,"date":"2017-03-05T18:30:25","date_gmt":"2017-03-05T16:30:25","guid":{"rendered":"http:\/\/www.obec-stasov.cz\/?page_id=2997"},"modified":"2024-11-12T17:39:43","modified_gmt":"2024-11-12T15:39:43","slug":"jednotka-sboru-dobrovolnych-hasicu","status":"publish","type":"page","link":"http:\/\/www.obec-stasov.cz\/?page_id=2997","title":{"rendered":"Jednotka sboru dobrovoln\u00fdch hasi\u010d\u016f"},"content":{"rendered":"<p>Hl\u00e1vka Tom\u00e1\u0161 &#8211; velitel jednotky, 732 964 563<\/p>\n<p>Pe\u0148\u00e1z V\u00e1clav ml.<\/p>\n<p>Pe\u0148\u00e1z Franti\u0161ek<\/p>\n<p>S\u00fdkora Michal<\/p>\n<p>B\u0159e\u0148 Eduard<\/p>\n<p>B\u0159e\u0148 Ji\u0159\u00ed<\/p>\n<p>Tom\u00e1\u0161 P\u00e1ral<\/p>\n<p>Petr Pinkas<\/p>\n<p>Michaela Pe\u0148\u00e1zov\u00e1<\/p>\n","protected":false},"excerpt":{"rendered":"<p>Hl\u00e1vka Tom\u00e1\u0161 &#8211; velitel jednotky, 732 964 563 Pe\u0148\u00e1z V\u00e1clav ml. Pe\u0148\u00e1z Franti\u0161ek S\u00fdkora Michal B\u0159e\u0148 Eduard B\u0159e\u0148 Ji\u0159\u00ed Tom\u00e1\u0161 P\u00e1ral Petr Pinkas Michaela Pe\u0148\u00e1zov\u00e1<\/p>\n","protected":false},"author":4,"featured_media":0,"parent":15,"menu_order":0,"comment_status":"open","ping_status":"closed","template":"","meta":{"footnotes":""},"_links":{"self":[{"href":"http:\/\/www.obec-stasov.cz\/index.php?rest_route=\/wp\/v2\/pages\/2997"}],"collection":[{"href":"http:\/\/www.obec-stasov.cz\/index.php?rest_route=\/wp\/v2\/pages"}],"about":[{"href":"http:\/\/www.obec-stasov.cz\/index.php?rest_route=\/wp\/v2\/types\/page"}],"author":[{"embeddable":true,"href":"http:\/\/www.obec-stasov.cz\/index.php?rest_route=\/wp\/v2\/users\/4"}],"replies":[{"embeddable":true,"href":"http:\/\/www.obec-stasov.cz\/index.php?rest_route=%2Fwp%2Fv2%2Fcomments&post=2997"}],"version-history":[{"count":7,"href":"http:\/\/www.obec-stasov.cz\/index.php?rest_route=\/wp\/v2\/pages\/2997\/revisions"}],"predecessor-version":[{"id":6504,"href":"http:\/\/www.obec-stasov.cz\/index.php?rest_route=\/wp\/v2\/pages\/2997\/revisions\/6504"}],"up":[{"embeddable":true,"href":"http:\/\/www.obec-stasov.cz\/index.php?rest_route=\/wp\/v2\/pages\/15"}],"wp:attachment":[{"href":"http:\/\/www.obec-stasov.cz\/index.php?rest_route=%2Fwp%2Fv2%2Fmedia&parent=2997"}],"curies":[{"name":"wp","href":"https:\/\/api.w.org\/{rel}","templated":true}]}}