{"id":3162,"date":"2017-11-08T19:28:08","date_gmt":"2017-11-08T17:28:08","guid":{"rendered":"http:\/\/www.obec-stasov.cz\/?page_id=3162"},"modified":"2026-01-06T21:58:49","modified_gmt":"2026-01-06T19:58:49","slug":"rozpocet","status":"publish","type":"page","link":"http:\/\/www.obec-stasov.cz\/?page_id=3162","title":{"rendered":"Rozpo\u010det a z\u00e1v\u011bre\u010dn\u00fd \u00fa\u010det"},"content":{"rendered":"\n<p><strong>2025<\/strong><\/p>\n\n\n\n<div class=\"wp-block-file\"><a id=\"wp-block-file--media-bcf86b29-1d08-4002-a241-06b09692d139\" href=\"http:\/\/www.obec-stasov.cz\/wp-content\/uploads\/2026\/01\/Rozpocet-pro-rok-2026.pdf\">Rozpocet-pro-rok-2026<\/a><a href=\"http:\/\/www.obec-stasov.cz\/wp-content\/uploads\/2026\/01\/Rozpocet-pro-rok-2026.pdf\" class=\"wp-block-file__button wp-element-button\" download aria-describedby=\"wp-block-file--media-bcf86b29-1d08-4002-a241-06b09692d139\">St\u00e1hnout<\/a><\/div>\n\n\n\n<div class=\"wp-block-file\"><a id=\"wp-block-file--media-c1a35185-8492-4fc7-a770-0057697caac8\" href=\"http:\/\/www.obec-stasov.cz\/wp-content\/uploads\/2026\/01\/Strednedoby_vyhled_rozpoctu-2027-2030.pdf\">Strednedoby_vyhled_rozpoctu-2027-2030<\/a><a href=\"http:\/\/www.obec-stasov.cz\/wp-content\/uploads\/2026\/01\/Strednedoby_vyhled_rozpoctu-2027-2030.pdf\" class=\"wp-block-file__button wp-element-button\" download aria-describedby=\"wp-block-file--media-c1a35185-8492-4fc7-a770-0057697caac8\">St\u00e1hnout<\/a><\/div>\n\n\n\n<p><\/p>\n\n\n\n<div class=\"wp-block-file\"><a id=\"wp-block-file--media-be63085c-5b5c-4f36-91ee-0ce3c8fe1722\" href=\"http:\/\/www.obec-stasov.cz\/wp-content\/uploads\/2026\/01\/Rozpoctove-opatreni-c.2_2025.pdf\">Rozpoctove-opatreni-c.2_2025<\/a><a href=\"http:\/\/www.obec-stasov.cz\/wp-content\/uploads\/2026\/01\/Rozpoctove-opatreni-c.2_2025.pdf\" class=\"wp-block-file__button wp-element-button\" download aria-describedby=\"wp-block-file--media-be63085c-5b5c-4f36-91ee-0ce3c8fe1722\">St\u00e1hnout<\/a><\/div>\n\n\n\n<div class=\"wp-block-file\"><a id=\"wp-block-file--media-a6064621-8ada-4eb1-9983-c0e39efda1b3\" href=\"https:\/\/www.obec-stasov.cz\/wp-content\/uploads\/2025\/10\/Rozpoctove-opatreni-c.1_2025.pdf\">Rozpoctove-opatreni-c.1_2025<\/a><a href=\"https:\/\/www.obec-stasov.cz\/wp-content\/uploads\/2025\/10\/Rozpoctove-opatreni-c.1_2025.pdf\" class=\"wp-block-file__button wp-element-button\" download aria-describedby=\"wp-block-file--media-a6064621-8ada-4eb1-9983-c0e39efda1b3\">St\u00e1hnout<\/a><\/div>\n\n\n\n<p>Z\u00e1v\u011bre\u010dn\u00fd \u00fa\u010det obce za rok 2024 &#8211; n\u00e1vrh<\/p>\n\n\n\n<div class=\"wp-block-file\"><a id=\"wp-block-file--media-6eb50e19-074a-40ed-b48e-1f6181551b5d\" href=\"https:\/\/www.obec-stasov.cz\/wp-content\/uploads\/2025\/05\/zaverecny-ucet-obce-za-rok-2024.pdf\">zaverecny-ucet-obce-za-rok-2024<\/a><a href=\"https:\/\/www.obec-stasov.cz\/wp-content\/uploads\/2025\/05\/zaverecny-ucet-obce-za-rok-2024.pdf\" class=\"wp-block-file__button wp-element-button\" download aria-describedby=\"wp-block-file--media-6eb50e19-074a-40ed-b48e-1f6181551b5d\">St\u00e1hnout<\/a><\/div>\n\n\n\n<div class=\"wp-block-file\"><a id=\"wp-block-file--media-688f5eda-b506-4523-bcab-cb5351fe249e\" href=\"https:\/\/www.obec-stasov.cz\/wp-content\/uploads\/2025\/05\/Fin212M_2024-12.pdf\">Fin212M_2024-12<\/a><a href=\"https:\/\/www.obec-stasov.cz\/wp-content\/uploads\/2025\/05\/Fin212M_2024-12.pdf\" class=\"wp-block-file__button wp-element-button\" download aria-describedby=\"wp-block-file--media-688f5eda-b506-4523-bcab-cb5351fe249e\">St\u00e1hnout<\/a><\/div>\n\n\n\n<div class=\"wp-block-file\"><a id=\"wp-block-file--media-3f93c686-f04f-4255-9cc8-47dc21ad306c\" href=\"https:\/\/www.obec-stasov.cz\/wp-content\/uploads\/2025\/05\/Priloha_2024-12.pdf\">Priloha_2024-12<\/a><a href=\"https:\/\/www.obec-stasov.cz\/wp-content\/uploads\/2025\/05\/Priloha_2024-12.pdf\" class=\"wp-block-file__button wp-element-button\" download aria-describedby=\"wp-block-file--media-3f93c686-f04f-4255-9cc8-47dc21ad306c\">St\u00e1hnout<\/a><\/div>\n\n\n\n<div class=\"wp-block-file\"><a id=\"wp-block-file--media-39401c99-ffd0-47a7-99d7-f09e0642efe4\" href=\"https:\/\/www.obec-stasov.cz\/wp-content\/uploads\/2025\/05\/Rozvaha_2024-12.pdf\">Rozvaha_2024-12<\/a><a href=\"https:\/\/www.obec-stasov.cz\/wp-content\/uploads\/2025\/05\/Rozvaha_2024-12.pdf\" class=\"wp-block-file__button wp-element-button\" download aria-describedby=\"wp-block-file--media-39401c99-ffd0-47a7-99d7-f09e0642efe4\">St\u00e1hnout<\/a><\/div>\n\n\n\n<div class=\"wp-block-file\"><a id=\"wp-block-file--media-f9a5b0e9-92c1-461f-8888-09c6ce8fd38f\" href=\"https:\/\/www.obec-stasov.cz\/wp-content\/uploads\/2025\/05\/Vykaz_zisku_a_ztraty_2024-12.pdf\">Vykaz_zisku_a_ztraty_2024-12<\/a><a href=\"https:\/\/www.obec-stasov.cz\/wp-content\/uploads\/2025\/05\/Vykaz_zisku_a_ztraty_2024-12.pdf\" class=\"wp-block-file__button wp-element-button\" download aria-describedby=\"wp-block-file--media-f9a5b0e9-92c1-461f-8888-09c6ce8fd38f\">St\u00e1hnout<\/a><\/div>\n\n\n\n<p>Zpr\u00e1va o p\u0159ezkoum\u00e1n\u00ed hospoda\u0159en\u00ed obce za rok 2024<\/p>\n\n\n\n<div class=\"wp-block-file\"><a id=\"wp-block-file--media-693d1417-e444-40c9-b00a-3b16c087dce8\" href=\"https:\/\/www.obec-stasov.cz\/wp-content\/uploads\/2025\/05\/Zprava-o-prezkoumani-hospodareni-za-2024.pdf\">Zprava-o-prezkoumani-hospodareni-za-2024<\/a><a href=\"https:\/\/www.obec-stasov.cz\/wp-content\/uploads\/2025\/05\/Zprava-o-prezkoumani-hospodareni-za-2024.pdf\" class=\"wp-block-file__button wp-element-button\" download aria-describedby=\"wp-block-file--media-693d1417-e444-40c9-b00a-3b16c087dce8\">St\u00e1hnout<\/a><\/div>\n\n\n\n<div class=\"wp-block-file\"><a id=\"wp-block-file--media-5c8e816f-d702-4ce0-be94-0466396eae25\" href=\"https:\/\/www.obec-stasov.cz\/wp-content\/uploads\/2025\/01\/Rozpocet-2025-schvaleny.pdf\">Rozpocet-2025-schvaleny<\/a><a href=\"https:\/\/www.obec-stasov.cz\/wp-content\/uploads\/2025\/01\/Rozpocet-2025-schvaleny.pdf\" class=\"wp-block-file__button wp-element-button\" download aria-describedby=\"wp-block-file--media-5c8e816f-d702-4ce0-be94-0466396eae25\">St\u00e1hnout<\/a><\/div>\n\n\n\n<p><strong>2024<\/strong><\/p>\n\n\n\n<p>N\u00e1vrh rozpo\u010dtu pro rok 2025:<\/p>\n\n\n\n<div class=\"wp-block-file\"><a id=\"wp-block-file--media-1d762759-0866-4c87-9fac-681c06d861a0\" href=\"https:\/\/www.obec-stasov.cz\/wp-content\/uploads\/2024\/12\/Navrh-rozpoctu-pro-rok-2025.pdf\">Navrh-rozpoctu-pro-rok-2025<\/a><a href=\"https:\/\/www.obec-stasov.cz\/wp-content\/uploads\/2024\/12\/Navrh-rozpoctu-pro-rok-2025.pdf\" class=\"wp-block-file__button wp-element-button\" download aria-describedby=\"wp-block-file--media-1d762759-0866-4c87-9fac-681c06d861a0\">St\u00e1hnout<\/a><\/div>\n\n\n\n<p>Vyv\u011b\u0161eno 13.12.2024<\/p>\n\n\n\n<div class=\"wp-block-file\"><a id=\"wp-block-file--media-0fa7378d-85ec-440e-ab2b-bef21a48b537\" href=\"https:\/\/www.obec-stasov.cz\/wp-content\/uploads\/2024\/07\/Rozpoctove-opatreni-c.1.pdf\">Rozpoctove-opatreni-c.1<\/a><a href=\"https:\/\/www.obec-stasov.cz\/wp-content\/uploads\/2024\/07\/Rozpoctove-opatreni-c.1.pdf\" class=\"wp-block-file__button wp-element-button\" download aria-describedby=\"wp-block-file--media-0fa7378d-85ec-440e-ab2b-bef21a48b537\">St\u00e1hnout<\/a><\/div>\n\n\n\n<div class=\"wp-block-file\"><a id=\"wp-block-file--media-aa9ff466-0908-45d3-9afa-0d2a0e8cb6ff\" href=\"https:\/\/www.obec-stasov.cz\/wp-content\/uploads\/2024\/07\/Rozpoctove-opatreni-c.2.pdf\">Rozpoctove-opatreni-c.2<\/a><a href=\"https:\/\/www.obec-stasov.cz\/wp-content\/uploads\/2024\/07\/Rozpoctove-opatreni-c.2.pdf\" class=\"wp-block-file__button wp-element-button\" download aria-describedby=\"wp-block-file--media-aa9ff466-0908-45d3-9afa-0d2a0e8cb6ff\">St\u00e1hnout<\/a><\/div>\n\n\n\n<div class=\"wp-block-file\"><a id=\"wp-block-file--media-32c27bdd-6233-4ec7-b9ac-686f29e65903\" href=\"https:\/\/www.obec-stasov.cz\/wp-content\/uploads\/2024\/12\/Rozpoctove-opatreni-c.3.pdf\">Rozpoctove-opatreni-c.3<\/a><a href=\"https:\/\/www.obec-stasov.cz\/wp-content\/uploads\/2024\/12\/Rozpoctove-opatreni-c.3.pdf\" class=\"wp-block-file__button wp-element-button\" download aria-describedby=\"wp-block-file--media-32c27bdd-6233-4ec7-b9ac-686f29e65903\">St\u00e1hnout<\/a><\/div>\n\n\n\n<div class=\"wp-block-file\"><a id=\"wp-block-file--media-bb6af2bd-06fc-4744-a225-1ff84bb1820b\" href=\"https:\/\/www.obec-stasov.cz\/wp-content\/uploads\/2025\/01\/Rozpoctove-opatreni-c.4.pdf\">Rozpoctove-opatreni-c.4<\/a><a href=\"https:\/\/www.obec-stasov.cz\/wp-content\/uploads\/2025\/01\/Rozpoctove-opatreni-c.4.pdf\" class=\"wp-block-file__button wp-element-button\" download aria-describedby=\"wp-block-file--media-bb6af2bd-06fc-4744-a225-1ff84bb1820b\">St\u00e1hnout<\/a><\/div>\n\n\n\n<p>Z\u00e1v\u011bre\u010dn\u00fd \u00fa\u010det obce za rok 2023<\/p>\n\n\n\n<div class=\"wp-block-file\"><a id=\"wp-block-file--media-61e9f7d6-d922-4c13-a9d1-b920d44df9ec\" href=\"https:\/\/www.obec-stasov.cz\/wp-content\/uploads\/2024\/05\/zaverecny-ucet-obce-za-rok-2023.pdf\">zaverecny-ucet-obce-za-rok-2023<\/a><a href=\"https:\/\/www.obec-stasov.cz\/wp-content\/uploads\/2024\/05\/zaverecny-ucet-obce-za-rok-2023.pdf\" class=\"wp-block-file__button wp-element-button\" download aria-describedby=\"wp-block-file--media-61e9f7d6-d922-4c13-a9d1-b920d44df9ec\">St\u00e1hnout<\/a><\/div>\n\n\n\n<div class=\"wp-block-file\"><a id=\"wp-block-file--media-acb0a7e8-9876-40da-a4fb-c6d2a62c3c54\" href=\"https:\/\/www.obec-stasov.cz\/wp-content\/uploads\/2024\/05\/vykaz-pro-hodnoceni-plneni-rozpoctu-za-rok-2023.pdf\">vykaz-pro-hodnoceni-plneni-rozpoctu-za-rok-2023<\/a><a href=\"https:\/\/www.obec-stasov.cz\/wp-content\/uploads\/2024\/05\/vykaz-pro-hodnoceni-plneni-rozpoctu-za-rok-2023.pdf\" class=\"wp-block-file__button wp-element-button\" download aria-describedby=\"wp-block-file--media-acb0a7e8-9876-40da-a4fb-c6d2a62c3c54\">St\u00e1hnout<\/a><\/div>\n\n\n\n<div class=\"wp-block-file\"><a id=\"wp-block-file--media-ad62e48d-05d8-492d-b9a0-255db4d027cc\" href=\"https:\/\/www.obec-stasov.cz\/wp-content\/uploads\/2024\/05\/Zprava-o-prezkoumani-hospodareni-obce-Stasov-za-rok-2023.pdf\">Zprava-o-prezkoumani-hospodareni-obce-Stasov-za-rok-2023<\/a><a href=\"https:\/\/www.obec-stasov.cz\/wp-content\/uploads\/2024\/05\/Zprava-o-prezkoumani-hospodareni-obce-Stasov-za-rok-2023.pdf\" class=\"wp-block-file__button wp-element-button\" download aria-describedby=\"wp-block-file--media-ad62e48d-05d8-492d-b9a0-255db4d027cc\">St\u00e1hnout<\/a><\/div>\n\n\n\n<p><\/p>\n\n\n\n<p>.<\/p>\n\n\n\n<p><\/p>\n\n\n\n<p><\/p>\n\n\n\n<p><\/p>\n\n\n\n<p><\/p>\n\n\n\n<p><\/p>\n\n\n\n<p><\/p>\n\n\n\n<p><\/p>\n\n\n\n<p><\/p>\n\n\n\n<p><\/p>\n\n\n\n<p><\/p>\n\n\n\n<p><\/p>\n","protected":false},"excerpt":{"rendered":"<p>2025 Z\u00e1v\u011bre\u010dn\u00fd \u00fa\u010det obce za rok 2024 &#8211; n\u00e1vrh Zpr\u00e1va o p\u0159ezkoum\u00e1n\u00ed hospoda\u0159en\u00ed obce za rok 2024 2024 N\u00e1vrh rozpo\u010dtu pro rok 2025: Vyv\u011b\u0161eno 13.12.2024 Z\u00e1v\u011bre\u010dn\u00fd \u00fa\u010det obce za rok 2023 .<\/p>\n","protected":false},"author":4,"featured_media":0,"parent":1,"menu_order":0,"comment_status":"open","ping_status":"closed","template":"","meta":{"footnotes":""},"_links":{"self":[{"href":"http:\/\/www.obec-stasov.cz\/index.php?rest_route=\/wp\/v2\/pages\/3162"}],"collection":[{"href":"http:\/\/www.obec-stasov.cz\/index.php?rest_route=\/wp\/v2\/pages"}],"about":[{"href":"http:\/\/www.obec-stasov.cz\/index.php?rest_route=\/wp\/v2\/types\/page"}],"author":[{"embeddable":true,"href":"http:\/\/www.obec-stasov.cz\/index.php?rest_route=\/wp\/v2\/users\/4"}],"replies":[{"embeddable":true,"href":"http:\/\/www.obec-stasov.cz\/index.php?rest_route=%2Fwp%2Fv2%2Fcomments&post=3162"}],"version-history":[{"count":88,"href":"http:\/\/www.obec-stasov.cz\/index.php?rest_route=\/wp\/v2\/pages\/3162\/revisions"}],"predecessor-version":[{"id":7179,"href":"http:\/\/www.obec-stasov.cz\/index.php?rest_route=\/wp\/v2\/pages\/3162\/revisions\/7179"}],"up":[{"embeddable":true,"href":"http:\/\/www.obec-stasov.cz\/index.php?rest_route=\/wp\/v2\/pages\/1"}],"wp:attachment":[{"href":"http:\/\/www.obec-stasov.cz\/index.php?rest_route=%2Fwp%2Fv2%2Fmedia&parent=3162"}],"curies":[{"name":"wp","href":"https:\/\/api.w.org\/{rel}","templated":true}]}}