{"id":4723,"date":"2021-05-20T10:05:46","date_gmt":"2021-05-20T08:05:46","guid":{"rendered":"http:\/\/www.obec-stasov.cz\/?page_id=4723"},"modified":"2026-01-31T18:20:50","modified_gmt":"2026-01-31T16:20:50","slug":"rezervace","status":"publish","type":"page","link":"http:\/\/www.obec-stasov.cz\/?page_id=4723","title":{"rendered":"Rezervace &#8211; v\u00edce\u00fa\u010delov\u00e9 h\u0159i\u0161t\u011b"},"content":{"rendered":"<h1>Registrace\/p\u0159ihl\u00e1\u0161en\u00ed + rezervace:<\/h1>\n<p><a href=\"https:\/\/hriste.stasov.cz\/\">https:\/\/hriste.stasov.cz\/<\/a><\/p>\n<div id=\"message_box\" data-user=\"\">\n<p>.<\/p>\n<p><strong><em>cena za slu\u017eby spojen\u00e9 s pron\u00e1jmem<\/em>\u00a0 50,-\/HOD &#8211; pro ob\u010dany s TP v obci vstup zdarma<\/strong><\/p>\n<ul>\n<li><strong>Provozn\u00ed doba:<\/strong><br \/>\n(pouze pro registrovan\u00e9 n\u00e1v\u0161t\u011bvn\u00edky na webov\u00fdch str\u00e1nk\u00e1ch)<\/p>\n<ul class=\"list\">\n<li class=\"mb-2\"><strong>1.5. &#8211; 31.5.<\/strong><br \/>\npond\u011bl\u00ed \u2013 ned\u011ble, 9:00 \u2013 18:00 hod.<\/li>\n<li class=\"mb-2\"><strong>1.6. &#8211; 30.9.<\/strong><br \/>\npond\u011bl\u00ed \u2013 ned\u011ble, 9:00 \u2013 19:00 hod.<\/li>\n<li class=\"mb-2\"><strong>1.10. &#8211; 31.10.<\/strong><br \/>\npond\u011bl\u00ed \u2013 ned\u011ble, 9:00 \u2013 18:00 hod.<\/li>\n<\/ul>\n<p>Minim\u00e1ln\u00ed d\u00e9lka rezervace 60 minut.<br \/>\nMaxim\u00e1ln\u00ed d\u00e9lka rezervace 240 minut.<\/li>\n<li>\n<h3>Dlouhodob\u00e9 rezervace<\/h3>\n<p>V p\u0159\u00edpad\u011b z\u00e1jmu o dlouhodob\u011bj\u0161\u00ed rezervaci pros\u00edm volejte.<\/li>\n<li>\n<h3>Informace, hl\u00e1\u0161en\u00ed z\u00e1vad a poruch<\/h3>\n<p><a class=\"text-nowrap\" href=\"tel:+420739691091\">739 691 091<\/a><br \/>\n<a class=\"text-nowrap\" href=\"tel:+420777604029\">777 604 029<\/a><\/li>\n<\/ul>\n<h2><\/h2>\n<\/div>\n","protected":false},"excerpt":{"rendered":"<p>Registrace\/p\u0159ihl\u00e1\u0161en\u00ed + rezervace: https:\/\/hriste.stasov.cz\/ . cena za slu\u017eby spojen\u00e9 s pron\u00e1jmem\u00a0 50,-\/HOD &#8211; pro ob\u010dany s TP v obci vstup zdarma Provozn\u00ed doba: (pouze pro registrovan\u00e9 n\u00e1v\u0161t\u011bvn\u00edky na webov\u00fdch str\u00e1nk\u00e1ch) 1.5. &#8211; 31.5. pond\u011bl\u00ed \u2013 ned\u011ble, 9:00 \u2013 18:00 hod. 1.6. &#8211; 30.9. pond\u011bl\u00ed \u2013 ned\u011ble, 9:00 \u2013 19:00 hod. 1.10. &#8211; 31.10. pond\u011bl\u00ed \u2013 [&hellip;]<\/p>\n","protected":false},"author":4,"featured_media":0,"parent":15,"menu_order":0,"comment_status":"open","ping_status":"closed","template":"","meta":{"footnotes":""},"_links":{"self":[{"href":"http:\/\/www.obec-stasov.cz\/index.php?rest_route=\/wp\/v2\/pages\/4723"}],"collection":[{"href":"http:\/\/www.obec-stasov.cz\/index.php?rest_route=\/wp\/v2\/pages"}],"about":[{"href":"http:\/\/www.obec-stasov.cz\/index.php?rest_route=\/wp\/v2\/types\/page"}],"author":[{"embeddable":true,"href":"http:\/\/www.obec-stasov.cz\/index.php?rest_route=\/wp\/v2\/users\/4"}],"replies":[{"embeddable":true,"href":"http:\/\/www.obec-stasov.cz\/index.php?rest_route=%2Fwp%2Fv2%2Fcomments&post=4723"}],"version-history":[{"count":24,"href":"http:\/\/www.obec-stasov.cz\/index.php?rest_route=\/wp\/v2\/pages\/4723\/revisions"}],"predecessor-version":[{"id":7224,"href":"http:\/\/www.obec-stasov.cz\/index.php?rest_route=\/wp\/v2\/pages\/4723\/revisions\/7224"}],"up":[{"embeddable":true,"href":"http:\/\/www.obec-stasov.cz\/index.php?rest_route=\/wp\/v2\/pages\/15"}],"wp:attachment":[{"href":"http:\/\/www.obec-stasov.cz\/index.php?rest_route=%2Fwp%2Fv2%2Fmedia&parent=4723"}],"curies":[{"name":"wp","href":"https:\/\/api.w.org\/{rel}","templated":true}]}}