{"id":51,"date":"2007-04-07T18:27:54","date_gmt":"2007-04-07T17:27:54","guid":{"rendered":"http:\/\/obec-stasov.cz\/?page_id=51"},"modified":"2007-04-07T21:13:44","modified_gmt":"2007-04-07T20:13:44","slug":"tur","status":"publish","type":"page","link":"http:\/\/www.obec-stasov.cz\/?page_id=51","title":{"rendered":"Turistick\u00e9 informace"},"content":{"rendered":"<p><texy><strong>Zaj\u00edmavosti: <\/strong>kostel Nanebevzet\u00ed Panny Marie s olt\u00e1\u0159em sm\u011brem na z\u00e1pad, lidov\u00e1 architektura<\/p>\n<p><strong>Vybavenost obce: <\/strong>hostinec, prodejna sm\u00ed\u0161en\u00e9ho zbo\u017e\u00ed, autobusov\u00e9 spojen\u00ed: Poli\u010dka &#8211; Sta\u0161ov<\/p>\n<p><strong>Voln\u00fd \u010das: <\/strong>ryba\u0159en\u00ed, b\u011b\u017eeck\u00e9 trat\u011b, ter\u00e9nn\u00ed cyklostezka \u010d. 4104, lehk\u00e1 turistika<\/p>\n<p><strong>Rybolov: <\/strong>V obci je k\u00e1sk\u00e1da\u00a013ti rybn\u00edk\u016f.<br \/>\nRyba\u0159en\u00ed je mo\u017en\u00e9\u00a0v rybn\u00edku Velk\u00fd sta\u0161ovsk\u00fd &#8211; 5ha, zarybn\u011bno kaprem, l\u00ednem, \u0161tikou, sumcem, okounem, pstruhem duhov\u00fdm, b\u00edlou rybou. Rybolov je povolen na hostovac\u00ed nebo celoro\u010dn\u00ed povolenky. Lov je povolen od 16.4. &#8211; pstruhov\u00fd re\u017eim.<\/p>\n<p><img decoding=\"async\" title=\"Velk\u00fd sta\u0161ovsk\u00fd\" alt=\"Velk\u00fd sta\u0161ovsk\u00fd\" src=\"http:\/\/obec-stasov.cz\/wp-content\/uploads\/2007\/04\/velky-stasovsky.jpg\" align=\"bottom\" \/><\/p>\n<p><strong>N\u00e1m\u011bty na v\u00fdlet: <\/strong><\/p>\n<p><strong>1. POLI\u010cKA &#8211; STA\u0160OV &#8211; HRAD SVOJANOV\u00a0<\/strong><\/p>\n<p><em>Trasa:<\/em> 4104<br \/>\n<em>celkov\u00e1 d\u00e9lka:<\/em> 18,8 km<br \/>\n<em>zna\u010den\u00ed:<\/em> p\u00e1sov\u00e9 (modr\u00e1)<br \/>\n<em>kategorie:<\/em> 4. kategorie<\/p>\n<p><img decoding=\"async\" title=\"cyklo-trasa-4104\" alt=\"cyklo-trasa-4104\" src=\"http:\/\/obec-stasov.cz\/wp-content\/uploads\/2007\/04\/cyklo-trasa-4104.jpg\" align=\"bottom\" \/><\/p>\n<p align=\"left\"><strong>2.\u00a0POLI\u010cKA &#8211; BYSTR\u00c9 &#8211;\u00a0HRAD SVOJANOV A ZP\u011aT P\u0158ES STA\u0160OV\u00a0 (celodenn\u00ed v\u00fdlet na kole)<\/strong><\/p>\n<p align=\"left\"><em>N\u00e1ro\u010dnost trasy<\/em>: vhodn\u00e9 pro celou rodinu, \u010d\u00e1st trasy je zna\u010dena cykloturistick\u00fdmi zna\u010dkami, vede po silnic\u00edch 3. t\u0159\u00eddy a zpevn\u011bn\u00fdch cest\u00e1ch<br \/>\n<em>D\u00e9lka trasy:<\/em> 41 km<br \/>\n<em>V\u00fdchoz\u00ed bod:<\/em> Poli\u010dka<br \/>\n<em>Zaj\u00edmavosti na trase:<\/em> Balda, <a href=\"http:\/\/www.bystre.cz\/\">Bystr\u00e9<\/a>, <a href=\"http:\/\/www.svojanov.cz\/\">hrad Svojanov <\/a><br \/>\n<em>M\u00edsta ob\u010derstven\u00ed:<\/em> Jedlov\u00e1, Bystr\u00e9, Hamry, hrad Svojanov, Sta\u0161ov, Pomez\u00ed\u00a0<\/p>\n<p>\u00a0Z\u00a0Poli\u010dky vyje\u010fte z n\u00e1m\u011bst\u00ed po zna\u010den\u00e9 cyklotrase \u010d. 4019, ulic\u00ed Dru\u017estven\u00ed, k Troubn\u00fdm rybn\u00edk\u016fm a d\u00e1le a\u017e na Baldu &#8211; b\u00fdval\u00e9 lesn\u00ed l\u00e1zn\u011b ze 17. stol., nyn\u00ed zachov\u00e1n pouze pramen \u017eelezit\u00e9 vody s kapli\u010dkou, pob\u00fdval zde i J. Vrchlick\u00fd. Odtud pojedete lesn\u00ed silni\u010dkou do obce Jedlov\u00e1, st\u00e1le po cyklotrase \u010d. 4019 a\u017e do Bystr\u00e9ho, kudy v minulosti proch\u00e1zela jedna z v\u011btv\u00ed Trstenick\u00e9 stezky. Nach\u00e1z\u00ed se zde barokn\u00ed radnice, rouben\u00e9 chalupy (Brtounova chaloupka), renesan\u010dn\u00ed z\u00e1mek &#8211; nyn\u00ed \u00fastav soci\u00e1ln\u00ed p\u00e9\u010de pro ml\u00e1de\u017e. Z Bystr\u00e9ho vyje\u010fte po cyklotrase \u010d. 104 p\u0159es Hamry na hrad Svojanov &#8211; ran\u011b gotick\u00fd hrad zalo\u017een\u00fd P\u0159emyslem Otakarem II. k ochran\u011b zemsk\u00e9 stezky, nyn\u00ed m\u00edsto tradi\u010dn\u00edch letn\u00edch akc\u00ed &#8211; Svojanovsk\u00e1 hl\u00e1ska, Loutk\u00e1\u0159sk\u00e1 pou\u0165 atd., st\u00e1l\u00e9 expozice keramiky J. Kut\u00e1lka, gotick\u00e9ho skla a tepan\u00fdch reli\u00e9f\u016f. Z hradu se vracejte po silnici III. t\u0159\u00eddy sm\u011brem na Hamry. Po necel\u00fdch 3 km odbo\u010dte vpravo a proje\u010fte obc\u00ed Sta\u0161ov a\u017e na silnici vedouc\u00ed do Pomez\u00ed. Tady odbo\u010dte vlevo a je\u010fte p\u0159es Pomez\u00ed a\u017e do Poli\u010dky.<br \/>\nHrad Svojanov je v dubnu otev\u0159en pouze v sobotu a ned\u011bli 9 \u2013 16 hod., od kv\u011btna do z\u00e1\u0159\u00ed denn\u011b mimo pond\u011bl\u00ed 9 \u2013 17 hod.<\/p>\n","protected":false},"excerpt":{"rendered":"<p>Zaj\u00edmavosti: kostel Nanebevzet\u00ed Panny Marie s olt\u00e1\u0159em sm\u011brem na z\u00e1pad, lidov\u00e1 architektura Vybavenost obce: hostinec, prodejna sm\u00ed\u0161en\u00e9ho zbo\u017e\u00ed, autobusov\u00e9 spojen\u00ed: Poli\u010dka &#8211; Sta\u0161ov Voln\u00fd \u010das: ryba\u0159en\u00ed, b\u011b\u017eeck\u00e9 trat\u011b, ter\u00e9nn\u00ed cyklostezka \u010d. 4104, lehk\u00e1 turistika Rybolov: V obci je k\u00e1sk\u00e1da\u00a013ti rybn\u00edk\u016f. Ryba\u0159en\u00ed je mo\u017en\u00e9\u00a0v rybn\u00edku Velk\u00fd sta\u0161ovsk\u00fd &#8211; 5ha, zarybn\u011bno kaprem, l\u00ednem, \u0161tikou, sumcem, okounem, pstruhem [&hellip;]<\/p>\n","protected":false},"author":1,"featured_media":0,"parent":0,"menu_order":0,"comment_status":"closed","ping_status":"closed","template":"","meta":{"footnotes":""},"_links":{"self":[{"href":"http:\/\/www.obec-stasov.cz\/index.php?rest_route=\/wp\/v2\/pages\/51"}],"collection":[{"href":"http:\/\/www.obec-stasov.cz\/index.php?rest_route=\/wp\/v2\/pages"}],"about":[{"href":"http:\/\/www.obec-stasov.cz\/index.php?rest_route=\/wp\/v2\/types\/page"}],"author":[{"embeddable":true,"href":"http:\/\/www.obec-stasov.cz\/index.php?rest_route=\/wp\/v2\/users\/1"}],"replies":[{"embeddable":true,"href":"http:\/\/www.obec-stasov.cz\/index.php?rest_route=%2Fwp%2Fv2%2Fcomments&post=51"}],"version-history":[{"count":0,"href":"http:\/\/www.obec-stasov.cz\/index.php?rest_route=\/wp\/v2\/pages\/51\/revisions"}],"wp:attachment":[{"href":"http:\/\/www.obec-stasov.cz\/index.php?rest_route=%2Fwp%2Fv2%2Fmedia&parent=51"}],"curies":[{"name":"wp","href":"https:\/\/api.w.org\/{rel}","templated":true}]}}