{"id":5221,"date":"2022-11-08T12:54:46","date_gmt":"2022-11-08T10:54:46","guid":{"rendered":"http:\/\/www.obec-stasov.cz\/?page_id=5221"},"modified":"2024-03-24T20:47:42","modified_gmt":"2024-03-24T18:47:42","slug":"smlouvy","status":"publish","type":"page","link":"http:\/\/www.obec-stasov.cz\/?page_id=5221","title":{"rendered":"Smlouvy"},"content":{"rendered":"\n<p><strong>2023<\/strong><\/p>\n\n\n\n<div class=\"wp-block-file\"><a id=\"wp-block-file--media-47724e1a-e0ad-4116-ab22-a56bc1f73712\" href=\"https:\/\/www.obec-stasov.cz\/wp-content\/uploads\/2023\/07\/SMLOUVA_23NA00240-AB-CONT-s.r.o..pdf\">SMLOUVA_23NA00240-AB-CONT-s.r.o.<\/a><a href=\"https:\/\/www.obec-stasov.cz\/wp-content\/uploads\/2023\/07\/SMLOUVA_23NA00240-AB-CONT-s.r.o..pdf\" class=\"wp-block-file__button wp-element-button\" download aria-describedby=\"wp-block-file--media-47724e1a-e0ad-4116-ab22-a56bc1f73712\">St\u00e1hnout<\/a><\/div>\n\n\n\n<div class=\"wp-block-file\"><a id=\"wp-block-file--media-acb3d5d6-954a-456f-94ae-4ac395f0ebfb\" href=\"https:\/\/www.obec-stasov.cz\/wp-content\/uploads\/2024\/01\/DODATEK-1-KE-SML.-_23NA00240_fully-signed.pdf\">DODATEK-1-KE-SML.-_23NA00240_fully-signed<\/a><a href=\"https:\/\/www.obec-stasov.cz\/wp-content\/uploads\/2024\/01\/DODATEK-1-KE-SML.-_23NA00240_fully-signed.pdf\" class=\"wp-block-file__button wp-element-button\" download aria-describedby=\"wp-block-file--media-acb3d5d6-954a-456f-94ae-4ac395f0ebfb\">St\u00e1hnout<\/a><\/div>\n\n\n\n<div class=\"wp-block-file\"><a id=\"wp-block-file--media-48bf8f40-e99f-49c6-816b-3212283bba73\" href=\"https:\/\/www.obec-stasov.cz\/wp-content\/uploads\/2024\/01\/DODATEK-2-KE-SML.-_23NA00240_fully-signed.pdf\">DODATEK-2-KE-SML.-_23NA00240_fully-signed<\/a><a href=\"https:\/\/www.obec-stasov.cz\/wp-content\/uploads\/2024\/01\/DODATEK-2-KE-SML.-_23NA00240_fully-signed.pdf\" class=\"wp-block-file__button wp-element-button\" download aria-describedby=\"wp-block-file--media-48bf8f40-e99f-49c6-816b-3212283bba73\">St\u00e1hnout<\/a><\/div>\n\n\n\n<p>Vyv\u011b\u0161eno 6.4.2023<\/p>\n\n\n\n<p><\/p>\n\n\n\n<p><strong>2022<\/strong><\/p>\n\n\n\n<div class=\"wp-block-file\"><a id=\"wp-block-file--media-05c7b84d-7957-4dd2-b2aa-5245a9e2ee0d\" href=\"https:\/\/www.obec-stasov.cz\/wp-content\/uploads\/2023\/07\/SOD-003_2023-DI-Projekt..pdf\">SOD-003_2023-DI-Projekt.<\/a><a href=\"https:\/\/www.obec-stasov.cz\/wp-content\/uploads\/2023\/07\/SOD-003_2023-DI-Projekt..pdf\" class=\"wp-block-file__button wp-element-button\" download aria-describedby=\"wp-block-file--media-05c7b84d-7957-4dd2-b2aa-5245a9e2ee0d\">St\u00e1hnout<\/a><\/div>\n\n\n\n<p>Vyv\u011b\u0161eno: 12.7.2023<\/p>\n\n\n\n<p><a href=\"http:\/\/www.obec-stasov.cz\/wp-content\/uploads\/2022\/11\/Smlouva-o-d\u00edlo-36_2022-TR-Anto\u0161-s.r.o.-2.6.2022.pdf\">Smlouva o d\u00edlo 36_2022 TR Anto\u0161 s.r.o. 2.6.2022<\/a>&nbsp;&nbsp;Vyv\u011b\u0161eno: 23.6.2022<\/p>\n\n\n\n<p><\/p>\n\n\n\n<p><strong>2020<\/strong><\/p>\n\n\n\n<p><a href=\"http:\/\/www.obec-stasov.cz\/wp-content\/uploads\/2017\/11\/JM-Demicarr-s.r.o.-Smlouva-o-d\u00edlo-24.8.2020.pdf\">JM Demicarr s.r.o. Smlouva o d\u00edlo 24.8.2020<\/a>&nbsp;Vyv\u011b\u0161eno: 24.8.2020<\/p>\n\n\n\n<p><a href=\"http:\/\/www.obec-stasov.cz\/wp-content\/uploads\/2017\/11\/JM-Demicarr-s.r.o.-Smlouva-o-d\u00edlo-dodatek-\u010d.1-17.11.2020.pdf\">JM Demicarr s.r.o. Smlouva o d\u00edlo dodatek \u010d.1 17.11.2020<\/a>&nbsp;Vyv\u011b\u0161eno: 17.11.2020<\/p>\n\n\n\n<p><a href=\"http:\/\/www.obec-stasov.cz\/wp-content\/uploads\/2017\/11\/V\u00edce\u00fa\u010delov\u00e9-h\u0159i\u0161t\u011b-ve-sportovn\u00edm-are\u00e1lu_v\u00fd\u0161e-skute\u010dn\u011b-uhrazen\u00e9-ceny-1.pdf\">V\u00edce\u00fa\u010delov\u00e9 h\u0159i\u0161t\u011b ve sportovn\u00edm are\u00e1lu_v\u00fd\u0161e skute\u010dn\u011b uhrazen\u00e9 ceny-1<\/a>&nbsp;Vyv\u011b\u0161eno: 21.12.2020<\/p>\n","protected":false},"excerpt":{"rendered":"<p>2023 Vyv\u011b\u0161eno 6.4.2023 2022 Vyv\u011b\u0161eno: 12.7.2023 Smlouva o d\u00edlo 36_2022 TR Anto\u0161 s.r.o. 2.6.2022&nbsp;&nbsp;Vyv\u011b\u0161eno: 23.6.2022 2020 JM Demicarr s.r.o. Smlouva o d\u00edlo 24.8.2020&nbsp;Vyv\u011b\u0161eno: 24.8.2020 JM Demicarr s.r.o. Smlouva o d\u00edlo dodatek \u010d.1 17.11.2020&nbsp;Vyv\u011b\u0161eno: 17.11.2020 V\u00edce\u00fa\u010delov\u00e9 h\u0159i\u0161t\u011b ve sportovn\u00edm are\u00e1lu_v\u00fd\u0161e skute\u010dn\u011b uhrazen\u00e9 ceny-1&nbsp;Vyv\u011b\u0161eno: 21.12.2020<\/p>\n","protected":false},"author":4,"featured_media":0,"parent":1,"menu_order":0,"comment_status":"open","ping_status":"closed","template":"","meta":{"footnotes":""},"_links":{"self":[{"href":"http:\/\/www.obec-stasov.cz\/index.php?rest_route=\/wp\/v2\/pages\/5221"}],"collection":[{"href":"http:\/\/www.obec-stasov.cz\/index.php?rest_route=\/wp\/v2\/pages"}],"about":[{"href":"http:\/\/www.obec-stasov.cz\/index.php?rest_route=\/wp\/v2\/types\/page"}],"author":[{"embeddable":true,"href":"http:\/\/www.obec-stasov.cz\/index.php?rest_route=\/wp\/v2\/users\/4"}],"replies":[{"embeddable":true,"href":"http:\/\/www.obec-stasov.cz\/index.php?rest_route=%2Fwp%2Fv2%2Fcomments&post=5221"}],"version-history":[{"count":16,"href":"http:\/\/www.obec-stasov.cz\/index.php?rest_route=\/wp\/v2\/pages\/5221\/revisions"}],"predecessor-version":[{"id":6148,"href":"http:\/\/www.obec-stasov.cz\/index.php?rest_route=\/wp\/v2\/pages\/5221\/revisions\/6148"}],"up":[{"embeddable":true,"href":"http:\/\/www.obec-stasov.cz\/index.php?rest_route=\/wp\/v2\/pages\/1"}],"wp:attachment":[{"href":"http:\/\/www.obec-stasov.cz\/index.php?rest_route=%2Fwp%2Fv2%2Fmedia&parent=5221"}],"curies":[{"name":"wp","href":"https:\/\/api.w.org\/{rel}","templated":true}]}}