{"id":55,"date":"2007-04-08T12:50:19","date_gmt":"2007-04-08T10:50:19","guid":{"rendered":"http:\/\/obec-stasov.cz\/?page_id=55"},"modified":"2024-12-07T09:57:06","modified_gmt":"2024-12-07T07:57:06","slug":"statisticke-udaje","status":"publish","type":"page","link":"http:\/\/www.obec-stasov.cz\/?page_id=55","title":{"rendered":"Statistick\u00e9 informace"},"content":{"rendered":"\n<p><strong>Statistick\u00e9 \u00fadaje<\/strong><\/p>\n\n\n\n<p>Katastr\u00e1ln\u00ed v\u00fdm\u011bra:&nbsp;&nbsp;&nbsp;&nbsp;&nbsp;&nbsp;&nbsp;&nbsp;&nbsp;&nbsp;&nbsp;&nbsp;&nbsp;&nbsp;&nbsp;&nbsp;1326 ha<br>Nadmo\u0159sk\u00e1 v\u00fd\u0161ka:&nbsp;&nbsp;&nbsp;&nbsp;&nbsp;&nbsp;&nbsp;&nbsp;&nbsp;&nbsp;&nbsp;&nbsp;&nbsp;&nbsp;&nbsp;&nbsp;&nbsp;&nbsp;585<br>Po\u010det obyvatel:&nbsp;&nbsp;&nbsp;&nbsp;&nbsp;&nbsp;&nbsp;&nbsp;&nbsp;&nbsp;&nbsp;&nbsp;&nbsp;&nbsp;&nbsp;&nbsp;&nbsp;&nbsp;&nbsp;&nbsp;&nbsp;&nbsp; 262 (k 31.12.2023)<br>Pr\u016fm\u011brn\u00fd v\u011bk:&nbsp;&nbsp;&nbsp;&nbsp;&nbsp;&nbsp;&nbsp;&nbsp;&nbsp;&nbsp;&nbsp;&nbsp;&nbsp;&nbsp;&nbsp;&nbsp;&nbsp;&nbsp;&nbsp;&nbsp;&nbsp;&nbsp;&nbsp;&nbsp;41 rok\u016f<\/p>\n\n\n\n<p>Tvrdost vody 2,95 mmol\/l<\/p>\n\n\n\n<p>Demografick\u00e9 \u00fadaje:<\/p>\n\n\n\n<p>1890 \u2013 1.244 obyvatel<\/p>\n\n\n\n<p>1910 &nbsp;\u2013 1.181 obyvatel<\/p>\n\n\n\n<p>1930 &#8211; &nbsp;&nbsp;&nbsp;933 obyvatel<\/p>\n\n\n\n<p>1.12.1945 &#8211; 829 obyvatel<\/p>\n\n\n\n<p>prosinec 1946 &#8211; 334 obyvatel<\/p>\n\n\n\n<p>22.5.1947 &#8211; 388 obyvatel &#8211; mezi roky 1930 a 1947 do\u0161lo k poklesu m\u00edstn\u00ed populace o 59%<\/p>\n\n\n\n<p>po\u010det dom\u016f: 1930 vs 1950&nbsp; &#8211; 204 vs 114<\/p>\n\n\n\n<p>Statistick\u00e9 \u00fadaje Sta\u0161ov &#8211; demografick\u00fd v\u00fdvoj od roku 1971:<\/p>\n\n\n\n<figure class=\"wp-block-image size-large\"><a href=\"https:\/\/www.obec-stasov.cz\/wp-content\/uploads\/2024\/12\/Snimek-obrazovky-2024-12-07-085639.jpg\"><img decoding=\"async\" loading=\"lazy\" width=\"1024\" height=\"394\" src=\"https:\/\/www.obec-stasov.cz\/wp-content\/uploads\/2024\/12\/Snimek-obrazovky-2024-12-07-085639-1024x394.jpg\" alt=\"\" class=\"wp-image-6544\" srcset=\"http:\/\/www.obec-stasov.cz\/wp-content\/uploads\/2024\/12\/Snimek-obrazovky-2024-12-07-085639-1024x394.jpg 1024w, http:\/\/www.obec-stasov.cz\/wp-content\/uploads\/2024\/12\/Snimek-obrazovky-2024-12-07-085639-300x115.jpg 300w, http:\/\/www.obec-stasov.cz\/wp-content\/uploads\/2024\/12\/Snimek-obrazovky-2024-12-07-085639-768x295.jpg 768w, http:\/\/www.obec-stasov.cz\/wp-content\/uploads\/2024\/12\/Snimek-obrazovky-2024-12-07-085639.jpg 1277w\" sizes=\"(max-width: 1024px) 100vw, 1024px\" \/><\/a><\/figure>\n","protected":false},"excerpt":{"rendered":"<p>Statistick\u00e9 \u00fadaje Katastr\u00e1ln\u00ed v\u00fdm\u011bra:&nbsp;&nbsp;&nbsp;&nbsp;&nbsp;&nbsp;&nbsp;&nbsp;&nbsp;&nbsp;&nbsp;&nbsp;&nbsp;&nbsp;&nbsp;&nbsp;1326 haNadmo\u0159sk\u00e1 v\u00fd\u0161ka:&nbsp;&nbsp;&nbsp;&nbsp;&nbsp;&nbsp;&nbsp;&nbsp;&nbsp;&nbsp;&nbsp;&nbsp;&nbsp;&nbsp;&nbsp;&nbsp;&nbsp;&nbsp;585Po\u010det obyvatel:&nbsp;&nbsp;&nbsp;&nbsp;&nbsp;&nbsp;&nbsp;&nbsp;&nbsp;&nbsp;&nbsp;&nbsp;&nbsp;&nbsp;&nbsp;&nbsp;&nbsp;&nbsp;&nbsp;&nbsp;&nbsp;&nbsp; 262 (k 31.12.2023)Pr\u016fm\u011brn\u00fd v\u011bk:&nbsp;&nbsp;&nbsp;&nbsp;&nbsp;&nbsp;&nbsp;&nbsp;&nbsp;&nbsp;&nbsp;&nbsp;&nbsp;&nbsp;&nbsp;&nbsp;&nbsp;&nbsp;&nbsp;&nbsp;&nbsp;&nbsp;&nbsp;&nbsp;41 rok\u016f Tvrdost vody 2,95 mmol\/l Demografick\u00e9 \u00fadaje: 1890 \u2013 1.244 obyvatel 1910 &nbsp;\u2013 1.181 obyvatel 1930 &#8211; &nbsp;&nbsp;&nbsp;933 obyvatel 1.12.1945 &#8211; 829 obyvatel prosinec 1946 &#8211; 334 obyvatel 22.5.1947 &#8211; 388 obyvatel &#8211; mezi roky 1930 a 1947 do\u0161lo k poklesu m\u00edstn\u00ed populace o [&hellip;]<\/p>\n","protected":false},"author":2,"featured_media":0,"parent":159,"menu_order":0,"comment_status":"closed","ping_status":"closed","template":"","meta":{"footnotes":""},"_links":{"self":[{"href":"http:\/\/www.obec-stasov.cz\/index.php?rest_route=\/wp\/v2\/pages\/55"}],"collection":[{"href":"http:\/\/www.obec-stasov.cz\/index.php?rest_route=\/wp\/v2\/pages"}],"about":[{"href":"http:\/\/www.obec-stasov.cz\/index.php?rest_route=\/wp\/v2\/types\/page"}],"author":[{"embeddable":true,"href":"http:\/\/www.obec-stasov.cz\/index.php?rest_route=\/wp\/v2\/users\/2"}],"replies":[{"embeddable":true,"href":"http:\/\/www.obec-stasov.cz\/index.php?rest_route=%2Fwp%2Fv2%2Fcomments&post=55"}],"version-history":[{"count":24,"href":"http:\/\/www.obec-stasov.cz\/index.php?rest_route=\/wp\/v2\/pages\/55\/revisions"}],"predecessor-version":[{"id":6545,"href":"http:\/\/www.obec-stasov.cz\/index.php?rest_route=\/wp\/v2\/pages\/55\/revisions\/6545"}],"up":[{"embeddable":true,"href":"http:\/\/www.obec-stasov.cz\/index.php?rest_route=\/wp\/v2\/pages\/159"}],"wp:attachment":[{"href":"http:\/\/www.obec-stasov.cz\/index.php?rest_route=%2Fwp%2Fv2%2Fmedia&parent=55"}],"curies":[{"name":"wp","href":"https:\/\/api.w.org\/{rel}","templated":true}]}}