{"id":625,"date":"2011-01-03T12:10:56","date_gmt":"2011-01-03T10:10:56","guid":{"rendered":"http:\/\/www.obec-stasov.cz\/?page_id=625"},"modified":"2026-04-27T12:17:46","modified_gmt":"2026-04-27T10:17:46","slug":"vyhlasky","status":"publish","type":"page","link":"http:\/\/www.obec-stasov.cz\/?page_id=625","title":{"rendered":"Obecn\u00ed a ve\u0159ejn\u00e9 vyhl\u00e1\u0161ky"},"content":{"rendered":"\n<p><strong>Ve\u0159ejn\u00e1 vyhl\u00e1\u0161ka<\/strong>, kterou Finan\u010dn\u00ed \u00fa\u0159ad pro Pardubick\u00fd kraj oznamuje, \u017ee ode dne 30. 4. 2026 do dne 1. 6. 2026 je na v\u0161ech jeho \u00fazemn\u00edch pracovi\u0161t\u00edch zp\u0159\u00edstupn\u011bn k nahl\u00e9dnut\u00ed hromadn\u00fd p\u0159edpisn\u00fd seznam, j\u00edm\u017e se v n\u011bm uveden\u00fdm da\u0148ov\u00fdm subjekt\u016fm stanovuje za nemovit\u00e9 v\u011bci nach\u00e1zej\u00edc\u00ed se v obvodu \u00fazemn\u00ed p\u016fsobnosti Finan\u010dn\u00edho \u00fa\u0159adu pro Pardubick\u00fd kraj da\u0148 z nemovit\u00fdch v\u011bc\u00ed na rok 2026.<\/p>\n\n\n\n<div class=\"wp-block-file\"><a id=\"wp-block-file--media-69d4d822-340c-428b-970f-6a89d3d2d8e5\" href=\"https:\/\/www.obec-stasov.cz\/wp-content\/uploads\/2026\/04\/Verejna-vyhlaska-FU-1.pdf\">Verejna-vyhlaska-FU-1<\/a><a href=\"https:\/\/www.obec-stasov.cz\/wp-content\/uploads\/2026\/04\/Verejna-vyhlaska-FU-1.pdf\" class=\"wp-block-file__button wp-element-button\" download aria-describedby=\"wp-block-file--media-69d4d822-340c-428b-970f-6a89d3d2d8e5\">St\u00e1hnout<\/a><\/div>\n\n\n\n<p>.<\/p>\n\n\n\n<p><strong>Ve\u0159ejn\u00e1 vyhl\u00e1\u0161ka &#8211; KON\u00c1N\u00cd VE\u0158EJN\u00c9HO PROJEDN\u00c1N\u00cd A ZVE\u0158EJN\u011aN\u00cd<\/strong><\/p>\n\n\n\n<ul>\n<li>N\u00c1VRHU ZM\u011aNY \u010c. 2 \u00daZEMN\u00cdHO ROZVOJOV\u00c9HO PL\u00c1NU<\/li>\n\n\n\n<li>VYHODNOCEN\u00cd VLIV\u016e N\u00c1VRHU ZM\u011aNY \u010c. 2 \u00daZEMN\u00cdHO ROZVOJOV\u00c9HO PL\u00c1NU<br>NA UDR\u017dITELN\u00dd ROZVOJ \u00daZEM\u00cd<\/li>\n\n\n\n<li>N\u00c1VRH\u016e JEDNOTLIV\u00ddCH \u00daZEMN\u00cdCH OPAT\u0158EN\u00cd K AKCELERA\u010cN\u00cdM OBLASTEM<br>VYMEZEN\u00ddM V N\u00c1VRHU ZM\u011aNY \u010c. 2 \u00daZEMN\u00cdHO ROZVOJOV\u00c9HO PL\u00c1NU<\/li>\n<\/ul>\n\n\n\n<div class=\"wp-block-file\"><a id=\"wp-block-file--media-3475f12e-4bbb-44cd-96b3-dde706ba3ab2\" href=\"https:\/\/www.obec-stasov.cz\/wp-content\/uploads\/2026\/04\/1_25750_2026_81_VV_verejne-projednani_Z2_URP.pdf\">1_25750_2026_81_VV_verejne-projednani_Z2_URP<\/a><a href=\"https:\/\/www.obec-stasov.cz\/wp-content\/uploads\/2026\/04\/1_25750_2026_81_VV_verejne-projednani_Z2_URP.pdf\" class=\"wp-block-file__button wp-element-button\" download aria-describedby=\"wp-block-file--media-3475f12e-4bbb-44cd-96b3-dde706ba3ab2\">St\u00e1hnout<\/a><\/div>\n\n\n\n<p>.<\/p>\n\n\n\n<p>Ve\u0159ejn\u00e1 vyhl\u00e1\u0161ka &#8211; zve\u0159ejn\u011bn\u00ed hromadn\u00e9ho seznamu pro da\u0148 z nemovit\u00fdch v\u011bc\u00ed pro rok 2026<\/p>\n\n\n\n<div class=\"wp-block-file\"><a id=\"wp-block-file--media-042e2e15-3d00-4d24-9bf1-7149e0d0bb38\" href=\"https:\/\/www.obec-stasov.cz\/wp-content\/uploads\/2026\/04\/Verejna-vyhlaska-dan-z-nemovitych-veci-pro-rok-2026.pdf\">Verejna-vyhlaska-dan-z-nemovitych-veci-pro-rok-2026<\/a><a href=\"https:\/\/www.obec-stasov.cz\/wp-content\/uploads\/2026\/04\/Verejna-vyhlaska-dan-z-nemovitych-veci-pro-rok-2026.pdf\" class=\"wp-block-file__button wp-element-button\" download aria-describedby=\"wp-block-file--media-042e2e15-3d00-4d24-9bf1-7149e0d0bb38\">St\u00e1hnout<\/a><\/div>\n\n\n\n<p><\/p>\n\n\n\n<p><\/p>\n\n\n\n<p>Ve\u0159ejn\u00e1 vyhl\u00e1\u0161ka &#8211; Stanoven\u00ed p\u0159echodn\u00e9 \u00fapravy provozu na pozemn\u00edch komunikac\u00edch pro akci: &#8222;MODERNIZACE SILNICE II\/363 JEDLOV\u00c1 &#8211; HRANICE KRAJE<\/p>\n\n\n\n<div class=\"wp-block-file\"><a id=\"wp-block-file--media-f024f5ca-d87d-4503-bb8b-d4cb1fafc830\" href=\"https:\/\/www.obec-stasov.cz\/wp-content\/uploads\/2026\/03\/Verejna-vyhlaska_-Stanoveni-prechodne-upravy-provozu-na-pozemnich-komunikaci_Modernizace-silnice-II_363-Jedlova-hranice-kraje.pdf\">Verejna-vyhlaska_-Stanoveni-prechodne-upravy-provozu-na-pozemnich-komunikaci_Modernizace-silnice-II_363-Jedlova-hranice-kraje<\/a><a href=\"https:\/\/www.obec-stasov.cz\/wp-content\/uploads\/2026\/03\/Verejna-vyhlaska_-Stanoveni-prechodne-upravy-provozu-na-pozemnich-komunikaci_Modernizace-silnice-II_363-Jedlova-hranice-kraje.pdf\" class=\"wp-block-file__button wp-element-button\" download aria-describedby=\"wp-block-file--media-f024f5ca-d87d-4503-bb8b-d4cb1fafc830\">St\u00e1hnout<\/a><\/div>\n\n\n\n<div class=\"wp-block-file\"><a id=\"wp-block-file--media-cfd1ada8-afc4-4cf4-982a-a26b2f67d488\" href=\"https:\/\/www.obec-stasov.cz\/wp-content\/uploads\/2026\/03\/1_potvrzena-situace-DIO-PCR-DI-Svitavy.pdf\">1_potvrzena-situace-DIO-PCR-DI-Svitavy<\/a><a href=\"https:\/\/www.obec-stasov.cz\/wp-content\/uploads\/2026\/03\/1_potvrzena-situace-DIO-PCR-DI-Svitavy.pdf\" class=\"wp-block-file__button wp-element-button\" download aria-describedby=\"wp-block-file--media-cfd1ada8-afc4-4cf4-982a-a26b2f67d488\">St\u00e1hnout<\/a><\/div>\n\n\n\n<div class=\"wp-block-file\"><a id=\"wp-block-file--media-95be6c64-fc68-4ea7-9071-940b0dbb0b0d\" href=\"https:\/\/www.obec-stasov.cz\/wp-content\/uploads\/2026\/03\/1_SITUACE-DIO_MODERNIZACE-SILNICE-II362-JEDLOVA-HRANICE-KRAJE_OT_VYSOCINAJIMRAMOV_0.1A.pdf\">1_SITUACE-DIO_MODERNIZACE-SILNICE-II362-JEDLOVA-HRANICE-KRAJE_OT_VYSOCINAJIMRAMOV_0.1A<\/a><a href=\"https:\/\/www.obec-stasov.cz\/wp-content\/uploads\/2026\/03\/1_SITUACE-DIO_MODERNIZACE-SILNICE-II362-JEDLOVA-HRANICE-KRAJE_OT_VYSOCINAJIMRAMOV_0.1A.pdf\" class=\"wp-block-file__button wp-element-button\" download aria-describedby=\"wp-block-file--media-95be6c64-fc68-4ea7-9071-940b0dbb0b0d\">St\u00e1hnout<\/a><\/div>\n\n\n\n<p>.<\/p>\n\n\n\n<p><a href=\"https:\/\/www.obec-stasov.cz\/?p=7248\">V\u00fdzva cizinc\u016fm \u2013 m\u00edstn\u00ed poplatky<\/a><\/p>\n\n\n\n<p><strong>Vyz\u00fdv\u00e1me cizince,&nbsp;<\/strong>kte\u0159\u00ed pob\u00fdvaj\u00ed na \u00fazem\u00ed obce Sta\u0161ov, aby&nbsp;<strong>splnili ohla\u0161ovac\u00ed a poplatkovou povinnost,&nbsp;<\/strong>kter\u00e1 jim vznikla podle platn\u00e9 obecn\u011b z\u00e1vazn\u00e9 vyhl\u00e1\u0161ky obce Sta\u0161ov, o m\u00edstn\u00edm poplatku za obecn\u00ed syst\u00e9m odpadov\u00e9ho hospod\u00e1\u0159stv\u00ed (d\u00e1le jen \u201ekomun\u00e1ln\u00ed odpad\u201c) a o m\u00edstn\u00edm poplatku ze ps\u016f (v&nbsp;p\u0159\u00edpad\u011b, \u017ee vlastn\u00edte psa). Obecn\u011b z\u00e1vazn\u00e9 vyhl\u00e1\u0161ky naleznete na str\u00e1nk\u00e1ch obce<\/p>\n\n\n\n<p>Co je pot\u0159eba ud\u011blat?<\/p>\n\n\n\n<p>1.&nbsp;&nbsp;&nbsp;&nbsp;&nbsp;&nbsp; Dostavit se do p\u0159\u00edjmov\u00e9 pokladny obecn\u00edho \u00fa\u0159adu, vz\u00edt s&nbsp;sebou doklad s&nbsp;vyzna\u010den\u00fdm povolen\u00edm k&nbsp;pobytu.<\/p>\n\n\n\n<p>2.&nbsp;&nbsp;&nbsp;&nbsp;&nbsp;&nbsp; Zde vypln\u00edte tiskopis \u201eohl\u00e1\u0161en\u00ed k&nbsp;m\u00edstn\u00edmu poplatku\u201c.<\/p>\n\n\n\n<p>3.&nbsp;&nbsp;&nbsp;&nbsp;&nbsp;&nbsp; Zaplat\u00edte poplatek v&nbsp;p\u0159\u00edslu\u0161n\u00e9 v\u00fd\u0161i, podle toho od kdy m\u00e1te povolen pobyt, nebo podle toho od kdy m\u00e1te psa.<\/p>\n\n\n\n<p>Oba poplatky se plat\u00ed 1x za rok a jejich splatnost je v\u017edy do 31. b\u0159ezna. V&nbsp;roce 2026 je stanoven poplatek za komun\u00e1ln\u00ed odpad ve v\u00fd\u0161i 1.110 K\u010d za osobu. Sazba poplatku ze psa je 50,-K\u010d.<\/p>\n\n\n\n<p>.<\/p>\n\n\n\n<p><\/p>\n\n\n\n<p><\/p>\n\n\n\n<p><strong>Platn\u00e9 vyhl\u00e1\u0161ky pro rok<\/strong><strong> 2026<\/strong><\/p>\n\n\n\n<div class=\"wp-block-file\"><a id=\"wp-block-file--media-d8d77425-117e-4665-a940-449030073044\" href=\"http:\/\/www.obec-stasov.cz\/wp-content\/uploads\/2026\/01\/OZV_3_2025-Nocni-klid-Stasov.pdf\">OZV_3_2025-Nocni-klid-Stasov<\/a><a href=\"http:\/\/www.obec-stasov.cz\/wp-content\/uploads\/2026\/01\/OZV_3_2025-Nocni-klid-Stasov.pdf\" class=\"wp-block-file__button wp-element-button\" download aria-describedby=\"wp-block-file--media-d8d77425-117e-4665-a940-449030073044\">St\u00e1hnout<\/a><\/div>\n\n\n\n<div class=\"wp-block-file\"><a id=\"wp-block-file--media-da393bc8-315b-4906-a190-9dd39cff2aab\" href=\"http:\/\/www.obec-stasov.cz\/wp-content\/uploads\/2026\/01\/OZV_2_2025-o-stanoveni-systemu-trideni-odpadu.pdf\">OZV_2_2025-o-stanoveni-systemu-trideni-odpadu<\/a><a href=\"http:\/\/www.obec-stasov.cz\/wp-content\/uploads\/2026\/01\/OZV_2_2025-o-stanoveni-systemu-trideni-odpadu.pdf\" class=\"wp-block-file__button wp-element-button\" download aria-describedby=\"wp-block-file--media-da393bc8-315b-4906-a190-9dd39cff2aab\">St\u00e1hnout<\/a><\/div>\n\n\n\n<div class=\"wp-block-file\"><a id=\"wp-block-file--media-3ce51b52-c7d3-4ac7-bcd0-da600341d237\" href=\"https:\/\/www.obec-stasov.cz\/wp-content\/uploads\/2025\/12\/OZV_1_2025-Mistni-poplatek-za-obecni-system-odpadoveho-hospodarstvi-Stasov.pdf\">OZV_1_2025-Mistni-poplatek-za-obecni-system-odpadoveho-hospodarstvi-Stasov<\/a><a href=\"https:\/\/www.obec-stasov.cz\/wp-content\/uploads\/2025\/12\/OZV_1_2025-Mistni-poplatek-za-obecni-system-odpadoveho-hospodarstvi-Stasov.pdf\" class=\"wp-block-file__button wp-element-button\" download aria-describedby=\"wp-block-file--media-3ce51b52-c7d3-4ac7-bcd0-da600341d237\">St\u00e1hnout<\/a><\/div>\n\n\n\n<div class=\"wp-block-file\"><a id=\"wp-block-file--media-55f8ff0b-a0e4-4145-bfae-ba1ce477334a\" href=\"https:\/\/www.obec-stasov.cz\/wp-content\/uploads\/2023\/11\/OZV_3_2023-Mistni-poplatek-ze-psu-Stasov.pdf\">OZV_3_2023-Mistni-poplatek-ze-psu-Stasov<\/a><a href=\"https:\/\/www.obec-stasov.cz\/wp-content\/uploads\/2023\/11\/OZV_3_2023-Mistni-poplatek-ze-psu-Stasov.pdf\" class=\"wp-block-file__button wp-element-button\" download aria-describedby=\"wp-block-file--media-55f8ff0b-a0e4-4145-bfae-ba1ce477334a\">St\u00e1hnout<\/a><\/div>\n\n\n\n<p><\/p>\n\n\n\n<p><\/p>\n\n\n\n<p>Obecn\u011b z\u00e1vazn\u00e1 vyhl\u00e1\u0161ka obce Sta\u0161ov 4\/2017: <a href=\"http:\/\/www.obec-stasov.cz\/wp-content\/uploads\/2011\/01\/Obecn\u011b-z\u00e1vazn\u00e1-vyhl\u00e1\u0161ka-4_2017_hluk.pdf\">Obecn\u011b z\u00e1vazn\u00e1 vyhl\u00e1\u0161ka 4_2017_hluk<\/a><\/p>\n\n\n\n<p>Obecn\u011b z\u00e1vazn\u00e1 vyhl\u00e1\u0161ka obce Sta\u0161ov 2\/2017: <a href=\"http:\/\/www.obec-stasov.cz\/wp-content\/uploads\/2011\/01\/Obecn\u011b-z\u00e1vazn\u00e1-vyhl\u00e1\u0161ka-2_2017_Z\u0160.pdf\">Obecn\u011b z\u00e1vazn\u00e1 vyhl\u00e1\u0161ka 2_2017_Z\u0160<\/a><\/p>\n\n\n\n<p>Obecn\u011b z\u00e1vazn\u00e1 vyhl\u00e1\u0161ka obce Sta\u0161ov 1\/2017: <a href=\"http:\/\/www.obec-stasov.cz\/wp-content\/uploads\/2011\/01\/Obecn\u011b-z\u00e1vazn\u00e1-vyhl\u00e1\u0161ka-1_2017_M\u0160.pdf\">Obecn\u011b z\u00e1vazn\u00e1 vyhl\u00e1\u0161ka 1_2017_M\u0160<\/a><\/p>\n\n\n\n<p><\/p>\n\n\n\n<p><\/p>\n\n\n\n<p><\/p>\n\n\n\n<p><\/p>\n\n\n\n<p><\/p>\n","protected":false},"excerpt":{"rendered":"<p>Ve\u0159ejn\u00e1 vyhl\u00e1\u0161ka, kterou Finan\u010dn\u00ed \u00fa\u0159ad pro Pardubick\u00fd kraj oznamuje, \u017ee ode dne 30. 4. 2026 do dne 1. 6. 2026 je na v\u0161ech jeho \u00fazemn\u00edch pracovi\u0161t\u00edch zp\u0159\u00edstupn\u011bn k nahl\u00e9dnut\u00ed hromadn\u00fd p\u0159edpisn\u00fd seznam, j\u00edm\u017e se v n\u011bm uveden\u00fdm da\u0148ov\u00fdm subjekt\u016fm stanovuje za nemovit\u00e9 v\u011bci nach\u00e1zej\u00edc\u00ed se v obvodu \u00fazemn\u00ed p\u016fsobnosti Finan\u010dn\u00edho \u00fa\u0159adu pro Pardubick\u00fd kraj da\u0148 [&hellip;]<\/p>\n","protected":false},"author":1,"featured_media":0,"parent":1,"menu_order":0,"comment_status":"closed","ping_status":"closed","template":"","meta":{"footnotes":""},"_links":{"self":[{"href":"http:\/\/www.obec-stasov.cz\/index.php?rest_route=\/wp\/v2\/pages\/625"}],"collection":[{"href":"http:\/\/www.obec-stasov.cz\/index.php?rest_route=\/wp\/v2\/pages"}],"about":[{"href":"http:\/\/www.obec-stasov.cz\/index.php?rest_route=\/wp\/v2\/types\/page"}],"author":[{"embeddable":true,"href":"http:\/\/www.obec-stasov.cz\/index.php?rest_route=\/wp\/v2\/users\/1"}],"replies":[{"embeddable":true,"href":"http:\/\/www.obec-stasov.cz\/index.php?rest_route=%2Fwp%2Fv2%2Fcomments&post=625"}],"version-history":[{"count":61,"href":"http:\/\/www.obec-stasov.cz\/index.php?rest_route=\/wp\/v2\/pages\/625\/revisions"}],"predecessor-version":[{"id":7353,"href":"http:\/\/www.obec-stasov.cz\/index.php?rest_route=\/wp\/v2\/pages\/625\/revisions\/7353"}],"up":[{"embeddable":true,"href":"http:\/\/www.obec-stasov.cz\/index.php?rest_route=\/wp\/v2\/pages\/1"}],"wp:attachment":[{"href":"http:\/\/www.obec-stasov.cz\/index.php?rest_route=%2Fwp%2Fv2%2Fmedia&parent=625"}],"curies":[{"name":"wp","href":"https:\/\/api.w.org\/{rel}","templated":true}]}}