{"id":6871,"date":"2025-08-03T13:36:51","date_gmt":"2025-08-03T11:36:51","guid":{"rendered":"https:\/\/www.obec-stasov.cz\/?page_id=6871"},"modified":"2025-08-03T15:17:51","modified_gmt":"2025-08-03T13:17:51","slug":"participacni-projekty","status":"publish","type":"page","link":"http:\/\/www.obec-stasov.cz\/?page_id=6871","title":{"rendered":"Participa\u010dn\u00ed projekty"},"content":{"rendered":"\n<p>\u00a0<\/p>\n\n\n\n<p>&nbsp;<strong>PARTICIPATIVN\u00cd ROZPO\u010cET OBCE STA\u0160OV<\/strong><\/p>\n\n\n\n<p><strong>PRAVIDLA<\/strong><\/p>\n\n\n\n<p><em>\u010cervenec 2025<\/em><\/p>\n\n\n\n<p>Zastupitelstvo obce Sta\u0161ov vyhla\u0161uje prvn\u00ed ro\u010dn\u00edk participativn\u00edho rozpo\u010dtu obce Sta\u0161ov jako dal\u0161\u00ed krok vz\u00e1jemn\u00fdch vztah\u016f mezi ob\u010dany navz\u00e1jem i sm\u011brem k&nbsp;veden\u00ed obce. Tato pravidla stanovuj\u00ed z\u00e1kladn\u00ed podm\u00ednky a postupy p\u0159i napl\u0148ov\u00e1n\u00ed ideje participativn\u00edho rozpo\u010dtov\u00e1n\u00ed.<\/p>\n\n\n\n<p><strong>1 Participativn\u00ed rozpo\u010det<\/strong><\/p>\n\n\n\n<p>Participativn\u00ed rozpo\u010dtov\u00e1n\u00ed je n\u00e1strojem ke zji\u0161\u0165ov\u00e1n\u00ed pohledu ob\u010dan\u016f na sv\u00e9 bezprost\u0159edn\u00ed okol\u00ed, pro soust\u0159ed\u011bn\u00ed jejich n\u00e1pad\u016f, n\u00e1m\u011bt\u016f a post\u0159eh\u016f na zlep\u0161en\u00ed kvality ve\u0159ejn\u00e9ho \u017eivota ve&nbsp;Sta\u0161ov\u011b, ke zv\u00fd\u0161en\u00ed z\u00e1jmu ob\u010dan\u016f o ve\u0159ejn\u00e9 d\u011bn\u00ed obecn\u011b. Participativn\u00ed rozpo\u010det obce Sta\u0161ov vy\u010dle\u0148uje finan\u010dn\u00ed prost\u0159edky v r\u00e1mci rozpo\u010dtu obce Sta\u0161ov pro otev\u0159enou sout\u011b\u017e n\u00e1vrh\u016f ob\u010dan\u016f na zdokonalen\u00ed ve\u0159ejn\u00e9ho \u017eivota, ve\u0159ejn\u00e9ho prostranstv\u00ed nebo ve\u0159ejn\u00fdch prostor. Ob\u010dan\u00e9 mohou sv\u00e9 vlastn\u00ed n\u00e1vrhy pod\u00e1vat a takt\u00e9\u017e spole\u010dn\u011b rozhodovat o jejich uskute\u010dn\u011bn\u00ed hlasov\u00e1n\u00edm.<\/p>\n\n\n\n<p>Ve schv\u00e1len\u00e9m rozpo\u010dtu obce Sta\u0161ov bude ka\u017edoro\u010dn\u011b deponov\u00e1na \u010d\u00e1stka nejm\u00e9n\u011b 150 000 K\u010d na realizaci vybran\u00e9ho n\u00e1vrhu, respektive vybran\u00fdch n\u00e1vrh\u016f investi\u010dn\u00ed nebo neinvesti\u010dn\u00ed povahy, kter\u00e9 zv\u00edt\u011bz\u00ed v hlasov\u00e1n\u00ed ob\u010dan\u016f. V dal\u0161\u00edch ro\u010dn\u00edc\u00edch m\u016f\u017ee zastupitelstvo prost\u0159ednictv\u00edm schv\u00e1len\u00e9ho rozpo\u010dtu \u010d\u00e1stku navy\u0161ovat \u010di d\u00e1le i strukturovat zad\u00e1n\u00ed. P\u0159i p\u0159\u00edprav\u011b realizace vybran\u00e9ho \u010di vybran\u00fdch n\u00e1vrh\u016f m\u016f\u017ee odpov\u011bdn\u00fd odbor projekt doplnit o dal\u0161\u00ed funk\u010dn\u00ed \u010d\u00e1sti projektu. V\u00edt\u011bzn\u00e9 n\u00e1vrhy se neuskute\u010d\u0148uj\u00ed formou poskytnut\u00ed dotace.<\/p>\n\n\n\n<p>Participativn\u00ed rozpo\u010det neslou\u017e\u00ed ke kryt\u00ed investi\u010dn\u00edch nebo provozn\u00edch n\u00e1klad\u016f p\u0159\u00edsp\u011bvkov\u00fdch organizac\u00ed a nest\u00e1tn\u00edch neziskov\u00fdch organizac\u00ed, takt\u00e9\u017e neslou\u017e\u00ed k financov\u00e1n\u00ed projekt\u016f ji\u017e podpo\u0159en\u00fdch obc\u00ed Sta\u0161ov jin\u00fdmi finan\u010dn\u00edmi prost\u0159edky.<\/p>\n\n\n\n<p><strong>2 Komunikace s ve\u0159ejnost\u00ed<\/strong><\/p>\n\n\n\n<p>Kontakty na pov\u011b\u0159en\u00e9 osoby se zve\u0159ej\u0148uj\u00ed na internetov\u00fdch str\u00e1nk\u00e1ch a ostatn\u00edch komunika\u010dn\u00edch s\u00edt\u00edch obce v\u010detn\u011b p\u0159\u00edpadn\u00fdch ti\u0161t\u011bn\u00fdch dokument\u016f.<\/p>\n\n\n\n<p><strong>3 Harmonogram<\/strong><\/p>\n\n\n\n<p>Prvn\u00ed ro\u010dn\u00edk 2025:<\/p>\n\n\n\n<p>Ro\u010dn\u00edk 2026 a dal\u0161\u00ed ro\u010dn\u00edky:<\/p>\n\n\n\n<ul>\n<li>Informa\u010dn\u00ed kampa\u0148 od dubna dan\u00e9ho roku<\/li>\n\n\n\n<li>Kontrola podan\u00fdch n\u00e1vrh\u016f a jejich za\u0159azen\u00ed do hlasov\u00e1n\u00ed<\/li>\n\n\n\n<li>Hlasov\u00e1n\u00ed \u010derven\/\u010dervenec dan\u00e9ho roku<\/li>\n\n\n\n<li>Schv\u00e1len\u00ed v\u00edt\u011bzn\u00e9ho n\u00e1vrhu\/v\u00edt\u011bzn\u00fdch n\u00e1vrh\u016f zastupitelstvem obce a zve\u0159ejn\u011bn\u00ed v\u00fdsledk\u016f ro\u010dn\u00edku<\/li>\n\n\n\n<li>Realizace v\u00edt\u011bzn\u00e9ho n\u00e1vrhu\/v\u00edt\u011bzn\u00fdch n\u00e1vrh\u016f do konce roku n\u00e1sleduj\u00edc\u00edho<\/li>\n\n\n\n<li>Koordin\u00e1tor participace m\u016f\u017ee harmonogram v p\u0159\u00edpadn\u011b pot\u0159eby upravovat<\/li>\n<\/ul>\n\n\n\n<p><strong>4 Podm\u00ednky pro za\u0159azen\u00ed n\u00e1vrhu do hlasov\u00e1n\u00ed<\/strong><\/p>\n\n\n\n<p><strong>5 Zve\u0159ejn\u011bn\u00ed v\u00fdzvy k pod\u00e1n\u00ed n\u00e1vrh\u016f<\/strong><\/p>\n\n\n\n<ul>\n<li>Internetov\u00e9 str\u00e1nky a ostatn\u00ed komunika\u010dn\u00ed s\u00edt\u011b obce<\/li>\n\n\n\n<li>\u00da\u0159edn\u00ed deska<\/li>\n\n\n\n<li>V\u00fdlepov\u00e9 plochy<\/li>\n<\/ul>\n\n\n\n<p><strong>6 Pod\u00e1n\u00ed n\u00e1vrhu<\/strong><\/p>\n\n\n\n<ul>\n<li>N\u00e1vrh se pod\u00e1v\u00e1 v\u00fdlu\u010dn\u011b elektronicky na internetov\u00fdch str\u00e1nk\u00e1ch obce, p\u0159\u00edpadn\u011b prost\u0159ednictv\u00edm obc\u00ed pou\u017e\u00edvan\u00fdch komunika\u010dn\u00edch s\u00edt\u00ed.<\/li>\n\n\n\n<li>Navrhovatel\u00e9, kte\u0159\u00ed nemohou \u010di necht\u011bj\u00ed vyu\u017e\u00edt k pod\u00e1n\u00ed n\u00e1vrhu internet, mohou po\u017e\u00e1dat o pomoc s vlo\u017een\u00edm do syst\u00e9mu O\u00da Sta\u0161ov nebo obecn\u00ed knihovnu Sta\u0161ov. V takov\u00e9m p\u0159\u00edpad\u011b je osobn\u00ed n\u00e1v\u0161t\u011bva na dan\u00fdch m\u00edstech v&nbsp;\u00fa\u0159edn\u00ed hodiny nezbytn\u00e1.<\/li>\n\n\n\n<li>V n\u00e1vrhu uv\u00e1d\u00ed podatel jm\u00e9no a p\u0159\u00edjmen\u00ed, adresu trval\u00e9ho pobytu, telefon, e-mail (pokud jej vlastn\u00ed), n\u00e1zev projektu, m\u00edsto projektu, popis n\u00e1vrhu (zejm\u00e9na \u00fa\u010del, aktivity, ve\u0159ejn\u00fd p\u0159\u00ednos atp.), odhad n\u00e1klad\u016f na realizaci polo\u017ekov\u011b a dopl\u0148uj\u00edc\u00ed p\u0159\u00edlohy, zejm\u00e9na nap\u0159. n\u00e1kresy, fotografie, nab\u00eddky, rozpo\u010dty ve form\u00e1tu doc, docx, xls, xlsx, pdf, jpg, png.<\/li>\n<\/ul>\n\n\n\n<p><strong>7 Za\u0159azen\u00ed n\u00e1vrhu do hlasov\u00e1n\u00ed<\/strong><\/p>\n\n\n\n<ul>\n<li>Do\u0161l\u00e9 n\u00e1vrhy posuzuje pracovn\u00ed skupina pro participativn\u00ed rozpo\u010det.<\/li>\n\n\n\n<li>Slo\u017een\u00ed a p\u0159\u00edpadn\u00e9 zm\u011bny pracovn\u00ed skupiny ur\u010duje zastupitelstvo obce.<\/li>\n\n\n\n<li>Pracovn\u00ed skupina posuzuje soulad s t\u011bmito pravidly a v\u00fdzvou na pod\u00e1v\u00e1n\u00ed n\u00e1vrh\u016f, proveditelnost, majetkov\u00e9 vztahy, finan\u010dn\u00ed n\u00e1ro\u010dnost projektu a p\u0159\u00edpadn\u00fdch budouc\u00edch provozn\u00edch n\u00e1klad\u016f, udr\u017eitelnost projektu, soulad s pr\u00e1vn\u00edmi p\u0159edpisy, mo\u017enosti technick\u00e9ho \u0159e\u0161en\u00ed, term\u00edn realizace a za\u0159azuje vyhovuj\u00edc\u00ed n\u00e1vrhy do hlasov\u00e1n\u00ed.<\/li>\n\n\n\n<li>Realizovatelnost podan\u00e9ho n\u00e1vrhu m\u016f\u017ee pracovn\u00ed skupina pro participativn\u00ed rozpo\u010det prost\u0159ednictv\u00edm koordin\u00e1tora participace konzultovat s p\u0159\u00edslu\u0161n\u00fdm odborem, do jeho\u017e kompetence n\u00e1vrh n\u00e1le\u017e\u00ed a vy\u017e\u00e1dat si p\u00edsemn\u00e9 stanovisko k n\u011bmu.<\/li>\n<\/ul>\n\n\n\n<p><strong>8 Zve\u0159ejn\u011bn\u00ed projekt\u016f a v\u00fdzva k zah\u00e1jen\u00ed hlasov\u00e1n\u00ed<\/strong><\/p>\n\n\n\n<p>Projekty odpov\u00eddaj\u00edc\u00ed t\u011bmto pravidl\u016fm, podm\u00ednk\u00e1m v\u00fdzvy k pod\u00e1v\u00e1n\u00ed n\u00e1vrh\u016f a za\u0159azen\u00e9 pracovn\u00ed skupinou do hlasov\u00e1n\u00ed ob\u010dan\u016f a v\u00fdzva k zah\u00e1jen\u00ed hlasov\u00e1n\u00ed se zve\u0159ej\u0148uj\u00ed n\u00e1sleduj\u00edc\u00edm zp\u016fsobem:<\/p>\n\n\n\n<ul>\n<li>internetov\u00e9 str\u00e1nky a ostatn\u00ed komunika\u010dn\u00ed s\u00edt\u011b obce,<\/li>\n\n\n\n<li>\u00fa\u0159edn\u00ed deska,<\/li>\n\n\n\n<li>v\u00fdlepov\u00e9 plochy<\/li>\n<\/ul>\n\n\n\n<p><strong>9 Hlasov\u00e1n\u00ed ve\u0159ejnosti<\/strong><\/p>\n\n\n\n<ul>\n<li>Hlasov\u00e1n\u00ed o n\u00e1vrz\u00edch prob\u00edh\u00e1 pouze elektronicky prost\u0159ednictv\u00edm formul\u00e1\u0159e na str\u00e1nk\u00e1ch Munipolis obce nebo ostatn\u00edch komunika\u010dn\u00edch s\u00edt\u00edch obce.<\/li>\n\n\n\n<li>Hlasov\u00e1n\u00ed pro ob\u010dany, kte\u0159\u00ed nemohou \u010di necht\u011bj\u00ed vyu\u017e\u00edt internet, umo\u017en\u00ed koordin\u00e1tor participace, zam\u011bstnanec obecn\u00ed knihovny Sta\u0161ov. Pro tuto formu hlasov\u00e1n\u00ed je nezbytn\u00e1 osobn\u00ed n\u00e1v\u0161t\u011bva na dan\u00fdch m\u00edstech v&nbsp;\u00fa\u0159edn\u00ed hodiny.<\/li>\n\n\n\n<li>Hlasovat mohou pouze fyzick\u00e9 osoby star\u0161\u00ed 12 let s trval\u00fdm pobytem ve Sta\u0161ov\u011b.<\/li>\n\n\n\n<li>Ka\u017ed\u00e1 osoba m\u00e1 dva kladn\u00e9 hlasy a jeden hlas z\u00e1porn\u00fd. Ka\u017ed\u00fd hlasuj\u00edc\u00ed mus\u00ed vyu\u017e\u00edt alespo\u0148 dva kladn\u00e9 hlasy. Vyu\u017eit\u00ed jen hlasu z\u00e1porn\u00e9ho se neumo\u017e\u0148uje. Pracovn\u00ed skupina pro participativn\u00ed rozpo\u010det m\u016f\u017ee zp\u016fsoby hlasov\u00e1n\u00ed v jednotliv\u00fdch ro\u010dn\u00edc\u00edch zm\u011bnit.<\/li>\n\n\n\n<li>P\u0159i hlasov\u00e1n\u00ed se uv\u00e1d\u00ed jm\u00e9no a p\u0159\u00edjmen\u00ed, adresa trval\u00e9ho pobytu a datum narozen\u00ed. Po ukon\u010den\u00ed hlasov\u00e1n\u00ed mohou pov\u011b\u0159en\u00ed pracovn\u00edci obecn\u00edho \u00fa\u0159adu prov\u00e9st kontrolu uveden\u00fdch \u00fadaj\u016f.<\/li>\n\n\n\n<li>Osobn\u00ed \u00fadaje slou\u017e\u00ed v\u00fdlu\u010dn\u011b k ov\u011b\u0159en\u00ed osoby pro \u00fa\u010dely hlasov\u00e1n\u00ed, nep\u0159ed\u00e1vaj\u00ed se t\u0159et\u00edm osob\u00e1m a zpracov\u00e1vaj\u00ed se v souladu s p\u0159\u00edslu\u0161n\u00fdmi pr\u00e1vn\u00edmi p\u0159edpisy.<\/li>\n\n\n\n<li>Zneu\u017eit\u00ed ciz\u00edch osobn\u00edch \u00fadaj\u016f k hlasov\u00e1n\u00ed zp\u016fsobuje odebr\u00e1n\u00ed hlasu ze syst\u00e9mu.<\/li>\n<\/ul>\n\n\n\n<p><strong>10 Odsouhlasen\u00ed zastupitelstvem obce a zve\u0159ejn\u011bn\u00ed v\u00fdsledk\u016f ro\u010dn\u00edku<\/strong><\/p>\n\n\n\n<p>Zastupitelstvo obce, po sezn\u00e1men\u00ed se s v\u00fdsledky hlasov\u00e1n\u00ed a v p\u0159\u00edpad\u011b, \u017ee se u n\u00e1vrhu\/n\u00e1vrh\u016f do hlasov\u00e1n\u00ed neobjev\u00ed probl\u00e9my s realizac\u00ed, odsouhlas\u00ed zah\u00e1jen\u00ed prac\u00ed u v\u00edt\u011bzn\u00e9ho projektu\/v\u00edt\u011bzn\u00fdch projekt\u016f.<\/p>\n\n\n\n<p>Hlavn\u00edm krit\u00e9riem v\u00fdb\u011bru je po\u010det kladn\u00fdch hlas\u016f, po ode\u010dten\u00ed p\u0159\u00edpadn\u00fdch hlas\u016f z\u00e1porn\u00fdch. Vybr\u00e1n m\u016f\u017ee b\u00fdt jeden nebo v\u00edce projekt\u016f, a to a\u017e do v\u00fd\u0161e schv\u00e1len\u00e9ho rozpo\u010dtu na participativn\u00ed rozpo\u010dtov\u00e1n\u00ed v dan\u00e9m roce.<\/p>\n\n\n\n<p>V p\u0159\u00edpad\u011b rovnosti v\u00fdsledn\u00e9ho po\u010dtu hlas\u016f rozhoduje o po\u0159ad\u00ed los.<\/p>\n\n\n\n<p>V\u00fdsledek v\u00fdb\u011bru se zve\u0159ej\u0148uje na internetov\u00fdch str\u00e1nk\u00e1ch a ostatn\u00edch komunika\u010dn\u00edch s\u00edt\u00edch obce, na \u00fa\u0159edn\u00ed desce, na v\u00fdlepov\u00fdch ploch\u00e1ch.<\/p>\n\n\n\n<p><strong>11 Realizace v\u00edt\u011bzn\u00e9ho n\u00e1vrhu\/v\u00edt\u011bzn\u00fdch n\u00e1vrh\u016f<\/strong><\/p>\n\n\n\n<ul>\n<li>P\u0159\u00edprava na realizaci n\u00e1vrhu\/n\u00e1vrh\u016f se obvykle zahajuje v dubnu dan\u00e9ho roku.<\/li>\n\n\n\n<li>V\u00edt\u011bzn\u00fd n\u00e1vrh\/v\u00edt\u011bzn\u00e9 n\u00e1vrhy lze uskute\u010dnit do konce roku n\u00e1sleduj\u00edc\u00edho.<\/li>\n\n\n\n<li>Pr\u016fb\u011bh realizace, zejm\u00e9na term\u00edn dokon\u010den\u00ed, stav prac\u00ed a p\u0159\u00edpadn\u00fd posun v dokon\u010den\u00ed se zve\u0159ej\u0148uje obvykl\u00fdm zp\u016fsobem dle t\u011bchto pravidel.<\/li>\n<\/ul>\n\n\n\n<p><em>Zastupitelstvo obce Sta\u0161ov na sv\u00e9m zased\u00e1n\u00ed dne 31. 7. 2025 usnesen\u00edm \u010d.5\/26 (3\/2025)<\/em><\/p>\n\n\n\n<p><em>schv\u00e1lilo pravidla pro uskute\u010d\u0148ov\u00e1n\u00ed Participativn\u00edho rozpo\u010dtu obce Sta\u0161ov.<\/em><\/p>\n","protected":false},"excerpt":{"rendered":"<p>\u00a0 &nbsp;PARTICIPATIVN\u00cd ROZPO\u010cET OBCE STA\u0160OV PRAVIDLA \u010cervenec 2025 Zastupitelstvo obce Sta\u0161ov vyhla\u0161uje prvn\u00ed ro\u010dn\u00edk participativn\u00edho rozpo\u010dtu obce Sta\u0161ov jako dal\u0161\u00ed krok vz\u00e1jemn\u00fdch vztah\u016f mezi ob\u010dany navz\u00e1jem i sm\u011brem k&nbsp;veden\u00ed obce. Tato pravidla stanovuj\u00ed z\u00e1kladn\u00ed podm\u00ednky a postupy p\u0159i napl\u0148ov\u00e1n\u00ed ideje participativn\u00edho rozpo\u010dtov\u00e1n\u00ed. 1 Participativn\u00ed rozpo\u010det Participativn\u00ed rozpo\u010dtov\u00e1n\u00ed je n\u00e1strojem ke zji\u0161\u0165ov\u00e1n\u00ed pohledu ob\u010dan\u016f na sv\u00e9 [&hellip;]<\/p>\n","protected":false},"author":4,"featured_media":0,"parent":15,"menu_order":0,"comment_status":"closed","ping_status":"closed","template":"","meta":{"footnotes":""},"_links":{"self":[{"href":"http:\/\/www.obec-stasov.cz\/index.php?rest_route=\/wp\/v2\/pages\/6871"}],"collection":[{"href":"http:\/\/www.obec-stasov.cz\/index.php?rest_route=\/wp\/v2\/pages"}],"about":[{"href":"http:\/\/www.obec-stasov.cz\/index.php?rest_route=\/wp\/v2\/types\/page"}],"author":[{"embeddable":true,"href":"http:\/\/www.obec-stasov.cz\/index.php?rest_route=\/wp\/v2\/users\/4"}],"replies":[{"embeddable":true,"href":"http:\/\/www.obec-stasov.cz\/index.php?rest_route=%2Fwp%2Fv2%2Fcomments&post=6871"}],"version-history":[{"count":3,"href":"http:\/\/www.obec-stasov.cz\/index.php?rest_route=\/wp\/v2\/pages\/6871\/revisions"}],"predecessor-version":[{"id":6874,"href":"http:\/\/www.obec-stasov.cz\/index.php?rest_route=\/wp\/v2\/pages\/6871\/revisions\/6874"}],"up":[{"embeddable":true,"href":"http:\/\/www.obec-stasov.cz\/index.php?rest_route=\/wp\/v2\/pages\/15"}],"wp:attachment":[{"href":"http:\/\/www.obec-stasov.cz\/index.php?rest_route=%2Fwp%2Fv2%2Fmedia&parent=6871"}],"curies":[{"name":"wp","href":"https:\/\/api.w.org\/{rel}","templated":true}]}}