{"id":7212,"date":"2026-01-30T09:04:11","date_gmt":"2026-01-30T07:04:11","guid":{"rendered":"https:\/\/www.obec-stasov.cz\/?page_id=7212"},"modified":"2026-02-03T13:58:15","modified_gmt":"2026-02-03T11:58:15","slug":"rezervace-posilovna","status":"publish","type":"page","link":"http:\/\/www.obec-stasov.cz\/?page_id=7212","title":{"rendered":"Rezervace posilovna"},"content":{"rendered":"\n<p>Hodiny pro ob\u010dany obce:<\/p>\n\n\n\n<p>Po, St, P\u00e1 13-19 hod<\/p>\n\n\n\n<p>po p\u0159edchoz\u00ed domluv\u011b se spr\u00e1vcem min 24 hod p\u0159edem &#8211; Frodl Du\u0161an &#8211; tel: 777 604 029, messenger: Du\u0161an Fody Frodl<\/p>\n\n\n\n<p>Pravidla pro vstup do posilovny v&nbsp;budov\u011b obecn\u00edho \u00fa\u0159adu:<\/p>\n\n\n\n<ol type=\"1\" start=\"1\">\n<li>Vstup je povolen v&nbsp;po\u010dtu nejm\u00e9n\u011b 2 lid\u00ed, pokud nen\u00ed toto pravidlo dodr\u017eeno, vstupuj\u00edc\u00ed osoba na sebe p\u0159eb\u00edr\u00e1 odpov\u011bdnost za p\u0159\u00edpadnou \u00fajmu a vstupuje na vlastn\u00ed nebezpe\u010d\u00ed<\/li>\n\n\n\n<li>Osoba je povinna udr\u017eovat prostor \u010dist\u00fd a ve\u0161ker\u00e9 vybaven\u00ed vracet zp\u011bt na p\u016fvodn\u00ed m\u00edsto.<\/li>\n\n\n\n<li>Osoba je povinna p\u0159ed odchodem zkontrolovat vypnut\u00ed v\u0161ech elektrick\u00fdch za\u0159\u00edzen\u00ed a zhasnut\u00ed sv\u011btel.<\/li>\n\n\n\n<li>Vstup je umo\u017en\u011bn osob\u00e1m star\u0161\u00edm 18ti let, osoba mlad\u0161\u00ed m\u00e1 umo\u017en\u011bn vstup pouze v doprovodu osoby star\u0161\u00ed 18ti let.<\/li>\n<\/ol>\n\n\n\n<p>Vstupem do posilovny osoby souhlas\u00ed se zn\u011bn\u00edm v\u00fd\u0161e uveden\u00fdch pravidel.<\/p>\n\n\n\n<figure class=\"wp-block-image size-large\"><a href=\"https:\/\/www.obec-stasov.cz\/wp-content\/uploads\/2026\/01\/8e98d700-534d-4d60-b18d-3de445910cc3.jpg\"><img decoding=\"async\" loading=\"lazy\" width=\"1024\" height=\"768\" src=\"https:\/\/www.obec-stasov.cz\/wp-content\/uploads\/2026\/01\/8e98d700-534d-4d60-b18d-3de445910cc3-1024x768.jpg\" alt=\"\" class=\"wp-image-7215\" srcset=\"http:\/\/www.obec-stasov.cz\/wp-content\/uploads\/2026\/01\/8e98d700-534d-4d60-b18d-3de445910cc3-1024x768.jpg 1024w, http:\/\/www.obec-stasov.cz\/wp-content\/uploads\/2026\/01\/8e98d700-534d-4d60-b18d-3de445910cc3-300x225.jpg 300w, http:\/\/www.obec-stasov.cz\/wp-content\/uploads\/2026\/01\/8e98d700-534d-4d60-b18d-3de445910cc3-768x576.jpg 768w, http:\/\/www.obec-stasov.cz\/wp-content\/uploads\/2026\/01\/8e98d700-534d-4d60-b18d-3de445910cc3-1536x1152.jpg 1536w, http:\/\/www.obec-stasov.cz\/wp-content\/uploads\/2026\/01\/8e98d700-534d-4d60-b18d-3de445910cc3.jpg 2048w\" sizes=\"(max-width: 1024px) 100vw, 1024px\" \/><\/a><\/figure>\n\n\n\n<figure class=\"wp-block-image size-large\"><a href=\"https:\/\/www.obec-stasov.cz\/wp-content\/uploads\/2026\/01\/c2f6c90b-6039-4a20-9bb0-853014cfec16.jpg\"><img decoding=\"async\" loading=\"lazy\" width=\"1024\" height=\"768\" src=\"https:\/\/www.obec-stasov.cz\/wp-content\/uploads\/2026\/01\/c2f6c90b-6039-4a20-9bb0-853014cfec16-1024x768.jpg\" alt=\"\" class=\"wp-image-7216\" srcset=\"http:\/\/www.obec-stasov.cz\/wp-content\/uploads\/2026\/01\/c2f6c90b-6039-4a20-9bb0-853014cfec16-1024x768.jpg 1024w, http:\/\/www.obec-stasov.cz\/wp-content\/uploads\/2026\/01\/c2f6c90b-6039-4a20-9bb0-853014cfec16-300x225.jpg 300w, http:\/\/www.obec-stasov.cz\/wp-content\/uploads\/2026\/01\/c2f6c90b-6039-4a20-9bb0-853014cfec16-768x576.jpg 768w, http:\/\/www.obec-stasov.cz\/wp-content\/uploads\/2026\/01\/c2f6c90b-6039-4a20-9bb0-853014cfec16-1536x1152.jpg 1536w, http:\/\/www.obec-stasov.cz\/wp-content\/uploads\/2026\/01\/c2f6c90b-6039-4a20-9bb0-853014cfec16.jpg 2048w\" sizes=\"(max-width: 1024px) 100vw, 1024px\" \/><\/a><\/figure>\n","protected":false},"excerpt":{"rendered":"<p>Hodiny pro ob\u010dany obce: Po, St, P\u00e1 13-19 hod po p\u0159edchoz\u00ed domluv\u011b se spr\u00e1vcem min 24 hod p\u0159edem &#8211; Frodl Du\u0161an &#8211; tel: 777 604 029, messenger: Du\u0161an Fody Frodl Pravidla pro vstup do posilovny v&nbsp;budov\u011b obecn\u00edho \u00fa\u0159adu: Vstupem do posilovny osoby souhlas\u00ed se zn\u011bn\u00edm v\u00fd\u0161e uveden\u00fdch pravidel.<\/p>\n","protected":false},"author":4,"featured_media":0,"parent":15,"menu_order":0,"comment_status":"closed","ping_status":"closed","template":"","meta":{"footnotes":""},"_links":{"self":[{"href":"http:\/\/www.obec-stasov.cz\/index.php?rest_route=\/wp\/v2\/pages\/7212"}],"collection":[{"href":"http:\/\/www.obec-stasov.cz\/index.php?rest_route=\/wp\/v2\/pages"}],"about":[{"href":"http:\/\/www.obec-stasov.cz\/index.php?rest_route=\/wp\/v2\/types\/page"}],"author":[{"embeddable":true,"href":"http:\/\/www.obec-stasov.cz\/index.php?rest_route=\/wp\/v2\/users\/4"}],"replies":[{"embeddable":true,"href":"http:\/\/www.obec-stasov.cz\/index.php?rest_route=%2Fwp%2Fv2%2Fcomments&post=7212"}],"version-history":[{"count":4,"href":"http:\/\/www.obec-stasov.cz\/index.php?rest_route=\/wp\/v2\/pages\/7212\/revisions"}],"predecessor-version":[{"id":7230,"href":"http:\/\/www.obec-stasov.cz\/index.php?rest_route=\/wp\/v2\/pages\/7212\/revisions\/7230"}],"up":[{"embeddable":true,"href":"http:\/\/www.obec-stasov.cz\/index.php?rest_route=\/wp\/v2\/pages\/15"}],"wp:attachment":[{"href":"http:\/\/www.obec-stasov.cz\/index.php?rest_route=%2Fwp%2Fv2%2Fmedia&parent=7212"}],"curies":[{"name":"wp","href":"https:\/\/api.w.org\/{rel}","templated":true}]}}