{"id":56,"date":"2007-04-08T13:01:44","date_gmt":"2007-04-08T12:01:44","guid":{"rendered":"http:\/\/obec-stasov.cz\/?page_id=56"},"modified":"2025-12-09T10:11:27","modified_gmt":"2025-12-09T08:11:27","slug":"poplatky","status":"publish","type":"page","link":"https:\/\/www.obec-stasov.cz\/?page_id=56","title":{"rendered":"Poplatky 2026"},"content":{"rendered":"<p><strong>Poplatek za odpad<\/strong>:<\/p>\n<p><strong><u>1.110-K\u010d<\/u><\/strong><u>\/ pro v\u0161echny \u2013 osoba s\u00a0TP i vlastn\u00edk nemovitosti <\/u><\/p>\n<p>Pro osoby p\u0159ihl\u00e1\u0161en\u00e9 k\u00a0pobytu v\u00a0obci schv\u00e1lilo zastupitelstvo <strong>dar v\u00a0hodnot\u011b: 210,-K\u010d na osobu<\/strong> p\u0159ihl\u00e1\u0161enou k\u00a0pobytu v\u00a0obci, kter\u00fd lze poskytnout\u00a0 za sn\u00ed\u017een\u00ed administrativn\u00ed z\u00e1t\u011b\u017ee v\u00a0souvislosti s\u00a0odpadov\u00fdm hospod\u00e1\u0159stv\u00edm.<\/p>\n<p>Na dar bude m\u00edt n\u00e1rok osoba p\u0159ihl\u00e1\u0161en\u00e1 k\u00a0pobytu v\u00a0obci, kter\u00e1 spln\u00ed n\u00e1sleduj\u00edc\u00ed podm\u00ednky:<\/p>\n<ol>\n<li>\u0158\u00e1dn\u00e9 t\u0159\u00edd\u011bn\u00ed odpadu<\/li>\n<li>uhrazen\u00ed poplatku za komun\u00e1ln\u00ed odpad do 31.3.2026<\/li>\n<li>U \u010d\u00e1stek \u00fahrady za celou rodinu (dosp\u011bl\u00ed a d\u011bti do 18ti let v\u011bku, kter\u00e9 nejsou samostatn\u011b v\u00fdd\u011ble\u010dn\u011b \u010dinn\u00e9) u \u010d\u00e1stek nad 2.500,-K\u010d za rodinu lze rozd\u011blit poplatek na dv\u011b spl\u00e1tky \u2013 k\u00a031.3. a k\u00a030.9. dan\u00e9ho roku \u2013 dar bude poskytnut a\u017e po \u00fahrad\u011b pln\u00e9 \u010d\u00e1stky.<\/li>\n<\/ol>\n<p><strong>\u00a0<\/strong><\/p>\n<p><strong>Poplatek ze ps\u016f: <\/strong>\u00a0\u00a0\u00a0\u00a0\u00a0 <strong><u>50,- K\u010d<\/u><\/strong><u> \/ pes, <strong>ka\u017ed\u00fd dal\u0161\u00ed 75,-K\u010d<\/strong><\/u><\/p>\n<p><strong>Poplatek n\u00e1jemn\u00e9ho za hrobov\u00e9 m\u00edsto<\/strong>:\u00a0 <strong>50,-K\u010d\/1 m2 a rok<\/strong>. Smlouva se uzav\u00edr\u00e1 na 10 let. Z\u00a0uveden\u00e9 \u010d\u00e1stky je stanoveno n\u00e1jemn\u00e9 ve v\u00fd\u0161i 20,-K\u010d\/rok a 30,-K\u010d a rok za slu\u017eby.<\/p>\n<p>Poplatky lze platit p\u0159evodem na \u00fa\u010det<strong><u>:<\/u><\/strong><u>\u00a0<strong>Komer\u010dn\u00ed banky 123-9760530267 \/0100<\/strong><\/u><\/p>\n<p><strong>variabiln\u00ed \u010d\u00edslo = \u010d\u00edslo popisn\u00e9 (u poplatk\u016f), \u010d\u00edslo faktury (u faktur za vodu), do popisn\u00e9ho pole zadejte jm\u00e9no a o jak\u00fd poplatek\/fakturu se jedn\u00e1, pop\u0159\u00edpad\u011b za koho plat\u00edte. D\u011bkujeme.<\/strong><\/p>\n<p>nebo hotov\u011b v\u00a0\u00fa\u0159edn\u00ed hodiny na obecn\u00edm \u00fa\u0159ad\u011b <strong>ka\u017ed\u00e9 \u00fater\u00fd 15:00-17:00 hod<\/strong><\/p>\n<p><strong><u>Poplatky jsou splatn\u00e9 do konce m\u011bs\u00edce\u00a0b\u0159ezna dan\u00e9ho roku<br \/>\n<\/u><\/strong><\/p>\n<p><strong>Provozovatelem obecn\u00edho vodovodu je obec Sta\u0161ov. <\/strong><\/p>\n<p>Kontakt v p\u0159\u00edpad\u011b poruchy: pan Kuda Pavel 606 543\u00a0374<\/p>\n<p><strong><u>ODE\u010cTY VODOM\u011aR\u016e BUDOU OD ROKU 2026 PROB\u00cdHAT V\u00a0\u010cERVNU A PROSINCI DAN\u00c9HO ROKU<\/u><\/strong><strong>.<\/strong><\/p>\n<p>V\u00a0p\u0159\u00edpad\u011b nezasti\u017een\u00ed pracovn\u00edkem obce je pot\u0159eba nahl\u00e1sit aktu\u00e1ln\u00ed stav na obecn\u00ed \u00fa\u0159ad. V\u00a0p\u0159\u00edpad\u011b nenahl\u00e1\u0161en\u00ed stavu vodom\u011bru, bude \u00fa\u010dtov\u00e1na \u010d\u00e1stka dle p\u0159edchoz\u00edho obdob\u00ed.<\/p>\n<p>Vodn\u00e9 \u010din\u00ed 70,-K\u010d za 1m<sup>3<\/sup> pro osoby nep\u0159ihl\u00e1\u0161en\u00e9 k pobytu v obci a pro podnikatelsk\u00e9 subjekty. Pro osoby p\u0159ihl\u00e1\u0161en\u00e9 k\u00a0pobytu v\u00a0obci \u2013 obec poskytne slevu ve v\u00fd\u0161i 35,-K\u010d za 1m<sup>3<\/sup> do spot\u0159eby 20m<sup>3<\/sup> za osobu p\u016flro\u010dn\u00edho odb\u011bru, nad tuto spot\u0159ebu plat\u00ed cena 70,-K\u010d za 1m<sup>3<\/sup>.<\/p>\n","protected":false},"excerpt":{"rendered":"<p>Poplatek za odpad: 1.110-K\u010d\/ pro v\u0161echny \u2013 osoba s\u00a0TP i vlastn\u00edk nemovitosti Pro osoby p\u0159ihl\u00e1\u0161en\u00e9 k\u00a0pobytu v\u00a0obci schv\u00e1lilo zastupitelstvo dar v\u00a0hodnot\u011b: 210,-K\u010d na osobu p\u0159ihl\u00e1\u0161enou k\u00a0pobytu v\u00a0obci, kter\u00fd lze poskytnout\u00a0 za sn\u00ed\u017een\u00ed administrativn\u00ed z\u00e1t\u011b\u017ee v\u00a0souvislosti s\u00a0odpadov\u00fdm hospod\u00e1\u0159stv\u00edm. Na dar bude m\u00edt n\u00e1rok osoba p\u0159ihl\u00e1\u0161en\u00e1 k\u00a0pobytu v\u00a0obci, kter\u00e1 spln\u00ed n\u00e1sleduj\u00edc\u00ed podm\u00ednky: \u0158\u00e1dn\u00e9 t\u0159\u00edd\u011bn\u00ed odpadu uhrazen\u00ed poplatku [&hellip;]<\/p>\n","protected":false},"author":4,"featured_media":0,"parent":15,"menu_order":0,"comment_status":"closed","ping_status":"closed","template":"","meta":{"footnotes":""},"_links":{"self":[{"href":"https:\/\/www.obec-stasov.cz\/index.php?rest_route=\/wp\/v2\/pages\/56"}],"collection":[{"href":"https:\/\/www.obec-stasov.cz\/index.php?rest_route=\/wp\/v2\/pages"}],"about":[{"href":"https:\/\/www.obec-stasov.cz\/index.php?rest_route=\/wp\/v2\/types\/page"}],"author":[{"embeddable":true,"href":"https:\/\/www.obec-stasov.cz\/index.php?rest_route=\/wp\/v2\/users\/4"}],"replies":[{"embeddable":true,"href":"https:\/\/www.obec-stasov.cz\/index.php?rest_route=%2Fwp%2Fv2%2Fcomments&post=56"}],"version-history":[{"count":36,"href":"https:\/\/www.obec-stasov.cz\/index.php?rest_route=\/wp\/v2\/pages\/56\/revisions"}],"predecessor-version":[{"id":7143,"href":"https:\/\/www.obec-stasov.cz\/index.php?rest_route=\/wp\/v2\/pages\/56\/revisions\/7143"}],"up":[{"embeddable":true,"href":"https:\/\/www.obec-stasov.cz\/index.php?rest_route=\/wp\/v2\/pages\/15"}],"wp:attachment":[{"href":"https:\/\/www.obec-stasov.cz\/index.php?rest_route=%2Fwp%2Fv2%2Fmedia&parent=56"}],"curies":[{"name":"wp","href":"https:\/\/api.w.org\/{rel}","templated":true}]}}