{"id":5808,"date":"2023-09-04T21:10:48","date_gmt":"2023-09-04T19:10:48","guid":{"rendered":"https:\/\/www.obec-stasov.cz\/?page_id=5808"},"modified":"2026-03-25T12:23:08","modified_gmt":"2026-03-25T10:23:08","slug":"jizdni-rad-2023","status":"publish","type":"page","link":"https:\/\/www.obec-stasov.cz\/?page_id=5808","title":{"rendered":"J\u00edzdn\u00ed \u0159\u00e1d 2026 + v\u00fdlukov\u00fd j\u00edzdn\u00ed \u0159\u00e1d od 7.4.2026"},"content":{"rendered":"\n<p>V\u00fdlukov\u00fd j\u00edzdn\u00ed \u0159\u00e1d od 7.4.-3.10.2026<\/p>\n\n\n\n<figure class=\"wp-block-image size-large is-resized\"><a href=\"https:\/\/www.obec-stasov.cz\/wp-content\/uploads\/2026\/03\/JR-Policka-Stasov.jpg\"><img decoding=\"async\" loading=\"lazy\" width=\"1024\" height=\"632\" src=\"https:\/\/www.obec-stasov.cz\/wp-content\/uploads\/2026\/03\/JR-Policka-Stasov-1024x632.jpg\" alt=\"\" class=\"wp-image-7308\" style=\"aspect-ratio:1.620253164556962;width:840px;height:auto\" srcset=\"https:\/\/www.obec-stasov.cz\/wp-content\/uploads\/2026\/03\/JR-Policka-Stasov-1024x632.jpg 1024w, https:\/\/www.obec-stasov.cz\/wp-content\/uploads\/2026\/03\/JR-Policka-Stasov-300x185.jpg 300w, https:\/\/www.obec-stasov.cz\/wp-content\/uploads\/2026\/03\/JR-Policka-Stasov-768x474.jpg 768w, https:\/\/www.obec-stasov.cz\/wp-content\/uploads\/2026\/03\/JR-Policka-Stasov.jpg 1312w\" sizes=\"(max-width: 1024px) 100vw, 1024px\" \/><\/a><\/figure>\n\n\n\n<figure class=\"wp-block-image size-large\"><a href=\"https:\/\/www.obec-stasov.cz\/wp-content\/uploads\/2026\/03\/JR-Stasov-Policka.jpg\"><img decoding=\"async\" loading=\"lazy\" width=\"1024\" height=\"656\" src=\"https:\/\/www.obec-stasov.cz\/wp-content\/uploads\/2026\/03\/JR-Stasov-Policka-1024x656.jpg\" alt=\"\" class=\"wp-image-7310\" srcset=\"https:\/\/www.obec-stasov.cz\/wp-content\/uploads\/2026\/03\/JR-Stasov-Policka-1024x656.jpg 1024w, https:\/\/www.obec-stasov.cz\/wp-content\/uploads\/2026\/03\/JR-Stasov-Policka-300x192.jpg 300w, https:\/\/www.obec-stasov.cz\/wp-content\/uploads\/2026\/03\/JR-Stasov-Policka-768x492.jpg 768w, https:\/\/www.obec-stasov.cz\/wp-content\/uploads\/2026\/03\/JR-Stasov-Policka.jpg 1277w\" sizes=\"(max-width: 1024px) 100vw, 1024px\" \/><\/a><\/figure>\n\n\n\n<p><\/p>\n\n\n\n<p><\/p>\n\n\n\n<p>J\u00edzdn\u00ed \u0159\u00e1d od 14.12.2025-12.12.2026<\/p>\n\n\n\n<figure class=\"wp-block-image size-large is-resized\"><a href=\"http:\/\/www.obec-stasov.cz\/wp-content\/uploads\/2026\/01\/Snimek-obrazovky-2026-01-06-211311.jpg\"><img decoding=\"async\" loading=\"lazy\" width=\"1024\" height=\"565\" src=\"http:\/\/www.obec-stasov.cz\/wp-content\/uploads\/2026\/01\/Snimek-obrazovky-2026-01-06-211311-1024x565.jpg\" alt=\"\" class=\"wp-image-7193\" style=\"aspect-ratio:1.8123893805309734;width:972px;height:auto\" srcset=\"https:\/\/www.obec-stasov.cz\/wp-content\/uploads\/2026\/01\/Snimek-obrazovky-2026-01-06-211311-1024x565.jpg 1024w, https:\/\/www.obec-stasov.cz\/wp-content\/uploads\/2026\/01\/Snimek-obrazovky-2026-01-06-211311-300x166.jpg 300w, https:\/\/www.obec-stasov.cz\/wp-content\/uploads\/2026\/01\/Snimek-obrazovky-2026-01-06-211311-768x424.jpg 768w, https:\/\/www.obec-stasov.cz\/wp-content\/uploads\/2026\/01\/Snimek-obrazovky-2026-01-06-211311.jpg 1437w\" sizes=\"(max-width: 1024px) 100vw, 1024px\" \/><\/a><\/figure>\n\n\n\n<div class=\"wp-block-file\"><a id=\"wp-block-file--media-7e1582c4-ac98-406a-b2f8-313583a0c3e1\" href=\"http:\/\/www.obec-stasov.cz\/wp-content\/uploads\/2026\/01\/L680839.pdf\">L680839<\/a><a href=\"http:\/\/www.obec-stasov.cz\/wp-content\/uploads\/2026\/01\/L680839.pdf\" class=\"wp-block-file__button wp-element-button\" download aria-describedby=\"wp-block-file--media-7e1582c4-ac98-406a-b2f8-313583a0c3e1\">St\u00e1hnout<\/a><\/div>\n","protected":false},"excerpt":{"rendered":"<p>V\u00fdlukov\u00fd j\u00edzdn\u00ed \u0159\u00e1d od 7.4.-3.10.2026 J\u00edzdn\u00ed \u0159\u00e1d od 14.12.2025-12.12.2026<\/p>\n","protected":false},"author":4,"featured_media":0,"parent":0,"menu_order":0,"comment_status":"closed","ping_status":"closed","template":"","meta":{"footnotes":""},"_links":{"self":[{"href":"https:\/\/www.obec-stasov.cz\/index.php?rest_route=\/wp\/v2\/pages\/5808"}],"collection":[{"href":"https:\/\/www.obec-stasov.cz\/index.php?rest_route=\/wp\/v2\/pages"}],"about":[{"href":"https:\/\/www.obec-stasov.cz\/index.php?rest_route=\/wp\/v2\/types\/page"}],"author":[{"embeddable":true,"href":"https:\/\/www.obec-stasov.cz\/index.php?rest_route=\/wp\/v2\/users\/4"}],"replies":[{"embeddable":true,"href":"https:\/\/www.obec-stasov.cz\/index.php?rest_route=%2Fwp%2Fv2%2Fcomments&post=5808"}],"version-history":[{"count":11,"href":"https:\/\/www.obec-stasov.cz\/index.php?rest_route=\/wp\/v2\/pages\/5808\/revisions"}],"predecessor-version":[{"id":7312,"href":"https:\/\/www.obec-stasov.cz\/index.php?rest_route=\/wp\/v2\/pages\/5808\/revisions\/7312"}],"wp:attachment":[{"href":"https:\/\/www.obec-stasov.cz\/index.php?rest_route=%2Fwp%2Fv2%2Fmedia&parent=5808"}],"curies":[{"name":"wp","href":"https:\/\/api.w.org\/{rel}","templated":true}]}}