{"id":7367,"date":"2026-05-14T11:20:55","date_gmt":"2026-05-14T09:20:55","guid":{"rendered":"https:\/\/www.obec-stasov.cz\/?page_id=7367"},"modified":"2026-05-14T11:24:29","modified_gmt":"2026-05-14T09:24:29","slug":"uzemni-plan-odkaz","status":"publish","type":"page","link":"https:\/\/www.obec-stasov.cz\/?page_id=7367","title":{"rendered":"\u00dazemn\u00ed pl\u00e1n &#8211; odkaz"},"content":{"rendered":"\n<p><a href=\"https:\/\/www.policka.org\/detail\/5529\/mestsky-urad\/uzemni-planovani\/Vydani-opatreni-obecne-povahy-Uzemni-plan-Stasov\">https:\/\/www.policka.org\/detail\/5529\/mestsky-urad\/uzemni-planovani\/Vydani-opatreni-obecne-povahy-Uzemni-plan-Stasov<\/a><\/p>\n","protected":false},"excerpt":{"rendered":"<p>https:\/\/www.policka.org\/detail\/5529\/mestsky-urad\/uzemni-planovani\/Vydani-opatreni-obecne-povahy-Uzemni-plan-Stasov<\/p>\n","protected":false},"author":4,"featured_media":0,"parent":0,"menu_order":0,"comment_status":"closed","ping_status":"closed","template":"","meta":{"footnotes":""},"_links":{"self":[{"href":"https:\/\/www.obec-stasov.cz\/index.php?rest_route=\/wp\/v2\/pages\/7367"}],"collection":[{"href":"https:\/\/www.obec-stasov.cz\/index.php?rest_route=\/wp\/v2\/pages"}],"about":[{"href":"https:\/\/www.obec-stasov.cz\/index.php?rest_route=\/wp\/v2\/types\/page"}],"author":[{"embeddable":true,"href":"https:\/\/www.obec-stasov.cz\/index.php?rest_route=\/wp\/v2\/users\/4"}],"replies":[{"embeddable":true,"href":"https:\/\/www.obec-stasov.cz\/index.php?rest_route=%2Fwp%2Fv2%2Fcomments&post=7367"}],"version-history":[{"count":3,"href":"https:\/\/www.obec-stasov.cz\/index.php?rest_route=\/wp\/v2\/pages\/7367\/revisions"}],"predecessor-version":[{"id":7371,"href":"https:\/\/www.obec-stasov.cz\/index.php?rest_route=\/wp\/v2\/pages\/7367\/revisions\/7371"}],"wp:attachment":[{"href":"https:\/\/www.obec-stasov.cz\/index.php?rest_route=%2Fwp%2Fv2%2Fmedia&parent=7367"}],"curies":[{"name":"wp","href":"https:\/\/api.w.org\/{rel}","templated":true}]}}